{"id":867,"date":"2023-09-09T18:18:44","date_gmt":"2023-09-09T18:18:44","guid":{"rendered":"https:\/\/roboter-bmv-essen.de\/?page_id=867"},"modified":"2023-09-09T18:18:44","modified_gmt":"2023-09-09T18:18:44","slug":"robocup-2023","status":"publish","type":"page","link":"https:\/\/roboter-bmv-essen.de\/?page_id=867","title":{"rendered":"RoboCup 2023"},"content":{"rendered":"\n<p>Im Jahr 2023 sind wir mit einem OnStage-Team beim RoboCup angetreten. Da wir an unserem Standort das einzige Team in dieser Kategorie gewesen w\u00e4ren, haben wir uns automatisch f\u00fcr die deutsche Meisterschaft in Kassel qualifiziert. <\/p>\n\n\n\n<div class=\"wp-block-group\"><div class=\"wp-block-group__inner-container is-layout-constrained wp-block-group-is-layout-constrained\">\n<figure class=\"wp-block-gallery has-nested-images columns-default is-cropped wp-block-gallery-1 is-layout-flex wp-block-gallery-is-layout-flex\">\n<figure class=\"wp-block-image size-large\"><img decoding=\"async\" data-id=\"1019\" src=\"https:\/\/roboter-bmv-essen.de\/wp-content\/uploads\/2023\/09\/IMG_9622-1-1024x683.jpg\" alt=\"\" class=\"wp-image-1019\"\/><\/figure>\n\n\n\n<figure class=\"wp-block-image size-large\"><img decoding=\"async\" data-id=\"922\" src=\"https:\/\/roboter-bmv-essen.de\/wp-content\/uploads\/2023\/09\/IMG_9736-1-1024x683.jpg\" alt=\"\" class=\"wp-image-922\"\/><\/figure>\n\n\n\n<figure class=\"wp-block-image size-large\"><img decoding=\"async\" data-id=\"909\" src=\"https:\/\/roboter-bmv-essen.de\/wp-content\/uploads\/2023\/09\/IMG_9651-1-1024x683.jpg\" alt=\"\" class=\"wp-image-909\"\/><\/figure>\n<\/figure>\n\n\n\n<p>Vor Ort in Kassel wurde noch reichlich get\u00fcftelt und programmiert, um die selbst gebauten Musikinstrumente auf der B\u00fchne erklingen zu lassen. Das Team J\u00fcnther hatte \u00fcber mehrere Monate eine Gitarre, ein Glockenspiel und eine Triangel gebaut. Auf der B\u00fchne sollten diese &#8211; angeleitet von einem menschlichen Dirigenten &#8211; gemeinsam ein Lied spielen. <\/p>\n\n\n\n<p>Wie so oft hatte die Technik jedoch ihren eigenen Kopf. Bei keinem der drei Durchl\u00e4ufe hat alles funktioniert. Mal sind die Schl\u00e4gel des Glockspiels abegefallen. Ein anderes Mal die Servos der Gitarre auf der B\u00fchne durchgeschmort. Dementsprechend hat es leider nicht f\u00fcr einen Treppchenplatz gereicht. <\/p>\n\n\n\n<figure class=\"wp-block-gallery has-nested-images columns-default is-cropped wp-block-gallery-2 is-layout-flex wp-block-gallery-is-layout-flex\">\n<figure class=\"wp-block-image size-large\"><img decoding=\"async\" data-id=\"1163\" src=\"https:\/\/roboter-bmv-essen.de\/wp-content\/uploads\/2023\/09\/IMG_9621-1024x683.jpg\" alt=\"\" class=\"wp-image-1163\"\/><\/figure>\n\n\n\n<figure class=\"wp-block-image size-large\"><img decoding=\"async\" data-id=\"1164\" src=\"https:\/\/roboter-bmv-essen.de\/wp-content\/uploads\/2023\/09\/IMG_9642-12-1024x683.jpg\" alt=\"\" class=\"wp-image-1164\"\/><\/figure>\n<\/figure>\n<\/div><\/div>\n","protected":false},"excerpt":{"rendered":"<p>Im Jahr 2023 sind wir mit einem OnStage-Team beim RoboCup angetreten. Da wir an unserem Standort das einzige Team in dieser Kategorie gewesen w\u00e4ren, haben wir uns automatisch f\u00fcr die deutsche Meisterschaft in Kassel qualifiziert. Vor Ort in Kassel wurde noch reichlich get\u00fcftelt und programmiert, um die selbst gebauten Musikinstrumente auf der B\u00fchne erklingen zu [&hellip;]<\/p>\n","protected":false},"author":2,"featured_media":0,"parent":0,"menu_order":0,"comment_status":"closed","ping_status":"closed","template":"","meta":{"footnotes":""},"class_list":["post-867","page","type-page","status-publish","hentry"],"yoast_head":"<!-- This site is optimized with the Yoast SEO plugin v27.6 - https:\/\/yoast.com\/product\/yoast-seo-wordpress\/ -->\n<title>RoboCup 2023 - Roboter AG<\/title>\n<meta name=\"robots\" content=\"index, follow, max-snippet:-1, max-image-preview:large, max-video-preview:-1\" \/>\n<link rel=\"canonical\" href=\"https:\/\/roboter-bmv-essen.de\/?page_id=867\" \/>\n<meta property=\"og:locale\" content=\"de_DE\" \/>\n<meta property=\"og:type\" content=\"article\" \/>\n<meta property=\"og:title\" content=\"RoboCup 2023 - Roboter AG\" \/>\n<meta property=\"og:description\" content=\"Im Jahr 2023 sind wir mit einem OnStage-Team beim RoboCup angetreten. Da wir an unserem Standort das einzige Team in dieser Kategorie gewesen w\u00e4ren, haben wir uns automatisch f\u00fcr die deutsche Meisterschaft in Kassel qualifiziert. Vor Ort in Kassel wurde noch reichlich get\u00fcftelt und programmiert, um die selbst gebauten Musikinstrumente auf der B\u00fchne erklingen zu [&hellip;]\" \/>\n<meta property=\"og:url\" content=\"https:\/\/roboter-bmv-essen.de\/?page_id=867\" \/>\n<meta property=\"og:site_name\" content=\"Roboter AG\" \/>\n<meta property=\"og:image\" content=\"https:\/\/roboter-bmv-essen.de\/wp-content\/uploads\/2023\/09\/IMG_9622-1-1024x683.jpg\" \/>\n<meta name=\"twitter:card\" content=\"summary_large_image\" \/>\n<meta name=\"twitter:label1\" content=\"Gesch\u00e4tzte Lesezeit\" \/>\n\t<meta name=\"twitter:data1\" content=\"2\u00a0Minuten\" \/>\n<script type=\"application\/ld+json\" class=\"yoast-schema-graph\">{\"@context\":\"https:\\\/\\\/schema.org\",\"@graph\":[{\"@type\":\"WebPage\",\"@id\":\"https:\\\/\\\/roboter-bmv-essen.de\\\/?page_id=867\",\"url\":\"https:\\\/\\\/roboter-bmv-essen.de\\\/?page_id=867\",\"name\":\"RoboCup 2023 - Roboter AG\",\"isPartOf\":{\"@id\":\"https:\\\/\\\/roboter-bmv-essen.de\\\/#website\"},\"primaryImageOfPage\":{\"@id\":\"https:\\\/\\\/roboter-bmv-essen.de\\\/?page_id=867#primaryimage\"},\"image\":{\"@id\":\"https:\\\/\\\/roboter-bmv-essen.de\\\/?page_id=867#primaryimage\"},\"thumbnailUrl\":\"https:\\\/\\\/roboter-bmv-essen.de\\\/wp-content\\\/uploads\\\/2023\\\/09\\\/IMG_9622-1-1024x683.jpg\",\"datePublished\":\"2023-09-09T18:18:44+00:00\",\"breadcrumb\":{\"@id\":\"https:\\\/\\\/roboter-bmv-essen.de\\\/?page_id=867#breadcrumb\"},\"inLanguage\":\"de\",\"potentialAction\":[{\"@type\":\"ReadAction\",\"target\":[\"https:\\\/\\\/roboter-bmv-essen.de\\\/?page_id=867\"]}]},{\"@type\":\"ImageObject\",\"inLanguage\":\"de\",\"@id\":\"https:\\\/\\\/roboter-bmv-essen.de\\\/?page_id=867#primaryimage\",\"url\":\"https:\\\/\\\/roboter-bmv-essen.de\\\/wp-content\\\/uploads\\\/2023\\\/09\\\/IMG_9622-1-scaled.jpg\",\"contentUrl\":\"https:\\\/\\\/roboter-bmv-essen.de\\\/wp-content\\\/uploads\\\/2023\\\/09\\\/IMG_9622-1-scaled.jpg\",\"width\":2560,\"height\":1707},{\"@type\":\"BreadcrumbList\",\"@id\":\"https:\\\/\\\/roboter-bmv-essen.de\\\/?page_id=867#breadcrumb\",\"itemListElement\":[{\"@type\":\"ListItem\",\"position\":1,\"name\":\"Startseite\",\"item\":\"https:\\\/\\\/roboter-bmv-essen.de\\\/\"},{\"@type\":\"ListItem\",\"position\":2,\"name\":\"RoboCup 2023\"}]},{\"@type\":\"WebSite\",\"@id\":\"https:\\\/\\\/roboter-bmv-essen.de\\\/#website\",\"url\":\"https:\\\/\\\/roboter-bmv-essen.de\\\/\",\"name\":\"Die Roboter AG\",\"description\":\"Auf dem Weg nach Sydney\",\"publisher\":{\"@id\":\"https:\\\/\\\/roboter-bmv-essen.de\\\/#organization\"},\"potentialAction\":[{\"@type\":\"SearchAction\",\"target\":{\"@type\":\"EntryPoint\",\"urlTemplate\":\"https:\\\/\\\/roboter-bmv-essen.de\\\/?s={search_term_string}\"},\"query-input\":{\"@type\":\"PropertyValueSpecification\",\"valueRequired\":true,\"valueName\":\"search_term_string\"}}],\"inLanguage\":\"de\"},{\"@type\":\"Organization\",\"@id\":\"https:\\\/\\\/roboter-bmv-essen.de\\\/#organization\",\"name\":\"Roboter AG der BMV-Schule Essen\",\"url\":\"https:\\\/\\\/roboter-bmv-essen.de\\\/\",\"logo\":{\"@type\":\"ImageObject\",\"inLanguage\":\"de\",\"@id\":\"https:\\\/\\\/roboter-bmv-essen.de\\\/#\\\/schema\\\/logo\\\/image\\\/\",\"url\":\"https:\\\/\\\/roboter-bmv-essen.de\\\/wp-content\\\/uploads\\\/2019\\\/05\\\/cropped-robi-1-1.png\",\"contentUrl\":\"https:\\\/\\\/roboter-bmv-essen.de\\\/wp-content\\\/uploads\\\/2019\\\/05\\\/cropped-robi-1-1.png\",\"width\":267,\"height\":342,\"caption\":\"Roboter AG der BMV-Schule Essen\"},\"image\":{\"@id\":\"https:\\\/\\\/roboter-bmv-essen.de\\\/#\\\/schema\\\/logo\\\/image\\\/\"}}]}<\/script>\n<!-- \/ Yoast SEO plugin. -->","yoast_head_json":{"title":"RoboCup 2023 - Roboter AG","robots":{"index":"index","follow":"follow","max-snippet":"max-snippet:-1","max-image-preview":"max-image-preview:large","max-video-preview":"max-video-preview:-1"},"canonical":"https:\/\/roboter-bmv-essen.de\/?page_id=867","og_locale":"de_DE","og_type":"article","og_title":"RoboCup 2023 - Roboter AG","og_description":"Im Jahr 2023 sind wir mit einem OnStage-Team beim RoboCup angetreten. Da wir an unserem Standort das einzige Team in dieser Kategorie gewesen w\u00e4ren, haben wir uns automatisch f\u00fcr die deutsche Meisterschaft in Kassel qualifiziert. Vor Ort in Kassel wurde noch reichlich get\u00fcftelt und programmiert, um die selbst gebauten Musikinstrumente auf der B\u00fchne erklingen zu [&hellip;]","og_url":"https:\/\/roboter-bmv-essen.de\/?page_id=867","og_site_name":"Roboter AG","og_image":[{"url":"https:\/\/roboter-bmv-essen.de\/wp-content\/uploads\/2023\/09\/IMG_9622-1-1024x683.jpg","type":"","width":"","height":""}],"twitter_card":"summary_large_image","twitter_misc":{"Gesch\u00e4tzte Lesezeit":"2\u00a0Minuten"},"schema":{"@context":"https:\/\/schema.org","@graph":[{"@type":"WebPage","@id":"https:\/\/roboter-bmv-essen.de\/?page_id=867","url":"https:\/\/roboter-bmv-essen.de\/?page_id=867","name":"RoboCup 2023 - Roboter AG","isPartOf":{"@id":"https:\/\/roboter-bmv-essen.de\/#website"},"primaryImageOfPage":{"@id":"https:\/\/roboter-bmv-essen.de\/?page_id=867#primaryimage"},"image":{"@id":"https:\/\/roboter-bmv-essen.de\/?page_id=867#primaryimage"},"thumbnailUrl":"https:\/\/roboter-bmv-essen.de\/wp-content\/uploads\/2023\/09\/IMG_9622-1-1024x683.jpg","datePublished":"2023-09-09T18:18:44+00:00","breadcrumb":{"@id":"https:\/\/roboter-bmv-essen.de\/?page_id=867#breadcrumb"},"inLanguage":"de","potentialAction":[{"@type":"ReadAction","target":["https:\/\/roboter-bmv-essen.de\/?page_id=867"]}]},{"@type":"ImageObject","inLanguage":"de","@id":"https:\/\/roboter-bmv-essen.de\/?page_id=867#primaryimage","url":"https:\/\/roboter-bmv-essen.de\/wp-content\/uploads\/2023\/09\/IMG_9622-1-scaled.jpg","contentUrl":"https:\/\/roboter-bmv-essen.de\/wp-content\/uploads\/2023\/09\/IMG_9622-1-scaled.jpg","width":2560,"height":1707},{"@type":"BreadcrumbList","@id":"https:\/\/roboter-bmv-essen.de\/?page_id=867#breadcrumb","itemListElement":[{"@type":"ListItem","position":1,"name":"Startseite","item":"https:\/\/roboter-bmv-essen.de\/"},{"@type":"ListItem","position":2,"name":"RoboCup 2023"}]},{"@type":"WebSite","@id":"https:\/\/roboter-bmv-essen.de\/#website","url":"https:\/\/roboter-bmv-essen.de\/","name":"Die Roboter AG","description":"Auf dem Weg nach Sydney","publisher":{"@id":"https:\/\/roboter-bmv-essen.de\/#organization"},"potentialAction":[{"@type":"SearchAction","target":{"@type":"EntryPoint","urlTemplate":"https:\/\/roboter-bmv-essen.de\/?s={search_term_string}"},"query-input":{"@type":"PropertyValueSpecification","valueRequired":true,"valueName":"search_term_string"}}],"inLanguage":"de"},{"@type":"Organization","@id":"https:\/\/roboter-bmv-essen.de\/#organization","name":"Roboter AG der BMV-Schule Essen","url":"https:\/\/roboter-bmv-essen.de\/","logo":{"@type":"ImageObject","inLanguage":"de","@id":"https:\/\/roboter-bmv-essen.de\/#\/schema\/logo\/image\/","url":"https:\/\/roboter-bmv-essen.de\/wp-content\/uploads\/2019\/05\/cropped-robi-1-1.png","contentUrl":"https:\/\/roboter-bmv-essen.de\/wp-content\/uploads\/2019\/05\/cropped-robi-1-1.png","width":267,"height":342,"caption":"Roboter AG der BMV-Schule Essen"},"image":{"@id":"https:\/\/roboter-bmv-essen.de\/#\/schema\/logo\/image\/"}}]}},"_links":{"self":[{"href":"https:\/\/roboter-bmv-essen.de\/index.php?rest_route=\/wp\/v2\/pages\/867","targetHints":{"allow":["GET"]}}],"collection":[{"href":"https:\/\/roboter-bmv-essen.de\/index.php?rest_route=\/wp\/v2\/pages"}],"about":[{"href":"https:\/\/roboter-bmv-essen.de\/index.php?rest_route=\/wp\/v2\/types\/page"}],"author":[{"embeddable":true,"href":"https:\/\/roboter-bmv-essen.de\/index.php?rest_route=\/wp\/v2\/users\/2"}],"replies":[{"embeddable":true,"href":"https:\/\/roboter-bmv-essen.de\/index.php?rest_route=%2Fwp%2Fv2%2Fcomments&post=867"}],"version-history":[{"count":0,"href":"https:\/\/roboter-bmv-essen.de\/index.php?rest_route=\/wp\/v2\/pages\/867\/revisions"}],"wp:attachment":[{"href":"https:\/\/roboter-bmv-essen.de\/index.php?rest_route=%2Fwp%2Fv2%2Fmedia&parent=867"}],"curies":[{"name":"wp","href":"https:\/\/api.w.org\/{rel}","templated":true}]}}