{"id":700,"date":"2022-06-15T17:46:01","date_gmt":"2022-06-15T17:46:01","guid":{"rendered":"https:\/\/roboter-bmv-essen.de\/?page_id=700"},"modified":"2022-06-15T17:55:04","modified_gmt":"2022-06-15T17:55:04","slug":"schulinterner-wettbewerb-2022","status":"publish","type":"page","link":"https:\/\/roboter-bmv-essen.de\/?page_id=700","title":{"rendered":"Schulinterner Wettbewerb 2022"},"content":{"rendered":"\n<p>Im Schuljahr 2021\/2022 konnten wir nach fast zwei Jahren Pause wieder mit der AG starten. F\u00fcr die Klassen 5 und 6 begann das Schuljahr mit den Workshops zu den verschiedenen Sensoren des EV3-Roboters. Im Sommer 2022 konnten die Sch\u00fcler*innen das Gelernte in einem schulinternen Wettbewerb unter Beweis stellen. <\/p>\n\n\n\n<figure class=\"wp-block-gallery columns-3 is-cropped wp-block-gallery-1 is-layout-flex wp-block-gallery-is-layout-flex\"><ul class=\"blocks-gallery-grid\"><li class=\"blocks-gallery-item\"><figure><img decoding=\"async\" src=\"https:\/\/roboter-bmv-essen.de\/wp-content\/uploads\/2022\/06\/IMG_3897-1024x683.jpg\" alt=\"\" data-id=\"702\" data-full-url=\"https:\/\/roboter-bmv-essen.de\/wp-content\/uploads\/2022\/06\/IMG_3897-scaled.jpg\" data-link=\"https:\/\/roboter-bmv-essen.de\/?attachment_id=702\" class=\"wp-image-702\"\/><\/figure><\/li><li class=\"blocks-gallery-item\"><figure><img decoding=\"async\" src=\"https:\/\/roboter-bmv-essen.de\/wp-content\/uploads\/2022\/06\/IMG_3983-1-1024x819.jpg\" alt=\"\" data-id=\"703\" data-full-url=\"https:\/\/roboter-bmv-essen.de\/wp-content\/uploads\/2022\/06\/IMG_3983-1-scaled.jpg\" data-link=\"https:\/\/roboter-bmv-essen.de\/?attachment_id=703\" class=\"wp-image-703\"\/><\/figure><\/li><li class=\"blocks-gallery-item\"><figure><img decoding=\"async\" src=\"https:\/\/roboter-bmv-essen.de\/wp-content\/uploads\/2022\/06\/IMG_4165-1024x683.jpg\" alt=\"\" data-id=\"704\" data-full-url=\"https:\/\/roboter-bmv-essen.de\/wp-content\/uploads\/2022\/06\/IMG_4165-scaled.jpg\" data-link=\"https:\/\/roboter-bmv-essen.de\/?attachment_id=704\" class=\"wp-image-704\"\/><\/figure><\/li><\/ul><\/figure>\n\n\n\n<figure class=\"wp-block-gallery columns-2 is-cropped wp-block-gallery-2 is-layout-flex wp-block-gallery-is-layout-flex\"><ul class=\"blocks-gallery-grid\"><li class=\"blocks-gallery-item\"><figure><img decoding=\"async\" src=\"https:\/\/roboter-bmv-essen.de\/wp-content\/uploads\/2022\/06\/IMG_4055-1024x683.jpg\" alt=\"\" data-id=\"706\" data-full-url=\"https:\/\/roboter-bmv-essen.de\/wp-content\/uploads\/2022\/06\/IMG_4055-scaled.jpg\" data-link=\"https:\/\/roboter-bmv-essen.de\/?attachment_id=706\" class=\"wp-image-706\"\/><\/figure><\/li><li class=\"blocks-gallery-item\"><figure><img decoding=\"async\" src=\"https:\/\/roboter-bmv-essen.de\/wp-content\/uploads\/2022\/06\/IMG_4109-1024x683.jpg\" alt=\"\" data-id=\"707\" data-full-url=\"https:\/\/roboter-bmv-essen.de\/wp-content\/uploads\/2022\/06\/IMG_4109-scaled.jpg\" data-link=\"https:\/\/roboter-bmv-essen.de\/?attachment_id=707\" class=\"wp-image-707\"\/><\/figure><\/li><\/ul><\/figure>\n\n\n\n<p>Der Wettbewerb ist an die Game-Katergorie des ZdI angelehnt. Die Teams, bestehend aus zwei bis drei Sch\u00fcler*innen, durften einen Lego-Roboter frei nach ihren Vorstellungen bauen, der auf einer vorgegebenen Matte verschiedene Aufgaben erf\u00fcllen sollte. Er sollte beispielsweise \u00c4pfel und Getreide ernten, Kinder in die Schule bringen und die Stadt an ein Biomasse-Kraftwerk anschlie\u00dfen. F\u00fcr die Erf\u00fcllung der Aufgaben hatte der Roboter insgesamt vier Minuten Zeit.<\/p>\n\n\n\n<p><\/p>\n\n\n\n<figure class=\"wp-block-image size-large is-resized\"><img loading=\"lazy\" decoding=\"async\" src=\"https:\/\/roboter-bmv-essen.de\/wp-content\/uploads\/2022\/06\/IMG_4344-1024x683.jpg\" alt=\"\" class=\"wp-image-709\" width=\"424\" height=\"283\"\/><figcaption>Das diesj\u00e4hrige Gewinnerteam besteht aus Lara (Klasse 5e) und Nelli (Klasse 5a). Sie haben eine Gesamtpunktzahl von 171 erreicht. Wir gratulieren euch ganz herzlich!<\/figcaption><\/figure>\n","protected":false},"excerpt":{"rendered":"<p>Im Schuljahr 2021\/2022 konnten wir nach fast zwei Jahren Pause wieder mit der AG starten. F\u00fcr die Klassen 5 und 6 begann das Schuljahr mit den Workshops zu den verschiedenen Sensoren des EV3-Roboters. Im Sommer 2022 konnten die Sch\u00fcler*innen das Gelernte in einem schulinternen Wettbewerb unter Beweis stellen. Der Wettbewerb ist an die Game-Katergorie des [&hellip;]<\/p>\n","protected":false},"author":2,"featured_media":0,"parent":0,"menu_order":0,"comment_status":"closed","ping_status":"closed","template":"","meta":{"footnotes":""},"class_list":["post-700","page","type-page","status-publish","hentry"],"yoast_head":"<!-- This site is optimized with the Yoast SEO plugin v27.5 - https:\/\/yoast.com\/product\/yoast-seo-wordpress\/ -->\n<title>Schulinterner Wettbewerb 2022 - Roboter AG<\/title>\n<meta name=\"description\" content=\"Am Ende des Schuljahres 2021\/2022 konnten die Sch\u00fcler*innen das Gelernte in einem schulinternen Wettbewerb unter Beweis stellen.\" \/>\n<meta name=\"robots\" content=\"index, follow, max-snippet:-1, max-image-preview:large, max-video-preview:-1\" \/>\n<link rel=\"canonical\" href=\"https:\/\/roboter-bmv-essen.de\/?page_id=700\" \/>\n<meta property=\"og:locale\" content=\"de_DE\" \/>\n<meta property=\"og:type\" content=\"article\" \/>\n<meta property=\"og:title\" content=\"Schulinterner Wettbewerb 2022 - Roboter AG\" \/>\n<meta property=\"og:description\" content=\"Am Ende des Schuljahres 2021\/2022 konnten die Sch\u00fcler*innen das Gelernte in einem schulinternen Wettbewerb unter Beweis stellen.\" \/>\n<meta property=\"og:url\" content=\"https:\/\/roboter-bmv-essen.de\/?page_id=700\" \/>\n<meta property=\"og:site_name\" content=\"Roboter AG\" \/>\n<meta property=\"article:modified_time\" content=\"2022-06-15T17:55:04+00:00\" \/>\n<meta property=\"og:image\" content=\"https:\/\/roboter-bmv-essen.de\/wp-content\/uploads\/2022\/06\/IMG_3897-1024x683.jpg\" \/>\n<meta name=\"twitter:card\" content=\"summary_large_image\" \/>\n<meta name=\"twitter:label1\" content=\"Gesch\u00e4tzte Lesezeit\" \/>\n\t<meta name=\"twitter:data1\" content=\"2\u00a0Minuten\" \/>\n<script type=\"application\/ld+json\" class=\"yoast-schema-graph\">{\"@context\":\"https:\\\/\\\/schema.org\",\"@graph\":[{\"@type\":\"WebPage\",\"@id\":\"https:\\\/\\\/roboter-bmv-essen.de\\\/?page_id=700\",\"url\":\"https:\\\/\\\/roboter-bmv-essen.de\\\/?page_id=700\",\"name\":\"Schulinterner Wettbewerb 2022 - Roboter AG\",\"isPartOf\":{\"@id\":\"https:\\\/\\\/roboter-bmv-essen.de\\\/#website\"},\"primaryImageOfPage\":{\"@id\":\"https:\\\/\\\/roboter-bmv-essen.de\\\/?page_id=700#primaryimage\"},\"image\":{\"@id\":\"https:\\\/\\\/roboter-bmv-essen.de\\\/?page_id=700#primaryimage\"},\"thumbnailUrl\":\"https:\\\/\\\/roboter-bmv-essen.de\\\/wp-content\\\/uploads\\\/2022\\\/06\\\/IMG_3897-1024x683.jpg\",\"datePublished\":\"2022-06-15T17:46:01+00:00\",\"dateModified\":\"2022-06-15T17:55:04+00:00\",\"description\":\"Am Ende des Schuljahres 2021\\\/2022 konnten die Sch\u00fcler*innen das Gelernte in einem schulinternen Wettbewerb unter Beweis stellen.\",\"breadcrumb\":{\"@id\":\"https:\\\/\\\/roboter-bmv-essen.de\\\/?page_id=700#breadcrumb\"},\"inLanguage\":\"de\",\"potentialAction\":[{\"@type\":\"ReadAction\",\"target\":[\"https:\\\/\\\/roboter-bmv-essen.de\\\/?page_id=700\"]}]},{\"@type\":\"ImageObject\",\"inLanguage\":\"de\",\"@id\":\"https:\\\/\\\/roboter-bmv-essen.de\\\/?page_id=700#primaryimage\",\"url\":\"https:\\\/\\\/roboter-bmv-essen.de\\\/wp-content\\\/uploads\\\/2022\\\/06\\\/IMG_3897-scaled.jpg\",\"contentUrl\":\"https:\\\/\\\/roboter-bmv-essen.de\\\/wp-content\\\/uploads\\\/2022\\\/06\\\/IMG_3897-scaled.jpg\",\"width\":2560,\"height\":1707},{\"@type\":\"BreadcrumbList\",\"@id\":\"https:\\\/\\\/roboter-bmv-essen.de\\\/?page_id=700#breadcrumb\",\"itemListElement\":[{\"@type\":\"ListItem\",\"position\":1,\"name\":\"Startseite\",\"item\":\"https:\\\/\\\/roboter-bmv-essen.de\\\/\"},{\"@type\":\"ListItem\",\"position\":2,\"name\":\"Schulinterner Wettbewerb 2022\"}]},{\"@type\":\"WebSite\",\"@id\":\"https:\\\/\\\/roboter-bmv-essen.de\\\/#website\",\"url\":\"https:\\\/\\\/roboter-bmv-essen.de\\\/\",\"name\":\"Die Roboter AG\",\"description\":\"Auf dem Weg nach Sydney\",\"publisher\":{\"@id\":\"https:\\\/\\\/roboter-bmv-essen.de\\\/#organization\"},\"potentialAction\":[{\"@type\":\"SearchAction\",\"target\":{\"@type\":\"EntryPoint\",\"urlTemplate\":\"https:\\\/\\\/roboter-bmv-essen.de\\\/?s={search_term_string}\"},\"query-input\":{\"@type\":\"PropertyValueSpecification\",\"valueRequired\":true,\"valueName\":\"search_term_string\"}}],\"inLanguage\":\"de\"},{\"@type\":\"Organization\",\"@id\":\"https:\\\/\\\/roboter-bmv-essen.de\\\/#organization\",\"name\":\"Roboter AG der BMV-Schule Essen\",\"url\":\"https:\\\/\\\/roboter-bmv-essen.de\\\/\",\"logo\":{\"@type\":\"ImageObject\",\"inLanguage\":\"de\",\"@id\":\"https:\\\/\\\/roboter-bmv-essen.de\\\/#\\\/schema\\\/logo\\\/image\\\/\",\"url\":\"https:\\\/\\\/roboter-bmv-essen.de\\\/wp-content\\\/uploads\\\/2019\\\/05\\\/cropped-robi-1-1.png\",\"contentUrl\":\"https:\\\/\\\/roboter-bmv-essen.de\\\/wp-content\\\/uploads\\\/2019\\\/05\\\/cropped-robi-1-1.png\",\"width\":267,\"height\":342,\"caption\":\"Roboter AG der BMV-Schule Essen\"},\"image\":{\"@id\":\"https:\\\/\\\/roboter-bmv-essen.de\\\/#\\\/schema\\\/logo\\\/image\\\/\"}}]}<\/script>\n<!-- \/ Yoast SEO plugin. -->","yoast_head_json":{"title":"Schulinterner Wettbewerb 2022 - Roboter AG","description":"Am Ende des Schuljahres 2021\/2022 konnten die Sch\u00fcler*innen das Gelernte in einem schulinternen Wettbewerb unter Beweis stellen.","robots":{"index":"index","follow":"follow","max-snippet":"max-snippet:-1","max-image-preview":"max-image-preview:large","max-video-preview":"max-video-preview:-1"},"canonical":"https:\/\/roboter-bmv-essen.de\/?page_id=700","og_locale":"de_DE","og_type":"article","og_title":"Schulinterner Wettbewerb 2022 - Roboter AG","og_description":"Am Ende des Schuljahres 2021\/2022 konnten die Sch\u00fcler*innen das Gelernte in einem schulinternen Wettbewerb unter Beweis stellen.","og_url":"https:\/\/roboter-bmv-essen.de\/?page_id=700","og_site_name":"Roboter AG","article_modified_time":"2022-06-15T17:55:04+00:00","og_image":[{"url":"https:\/\/roboter-bmv-essen.de\/wp-content\/uploads\/2022\/06\/IMG_3897-1024x683.jpg","type":"","width":"","height":""}],"twitter_card":"summary_large_image","twitter_misc":{"Gesch\u00e4tzte Lesezeit":"2\u00a0Minuten"},"schema":{"@context":"https:\/\/schema.org","@graph":[{"@type":"WebPage","@id":"https:\/\/roboter-bmv-essen.de\/?page_id=700","url":"https:\/\/roboter-bmv-essen.de\/?page_id=700","name":"Schulinterner Wettbewerb 2022 - Roboter AG","isPartOf":{"@id":"https:\/\/roboter-bmv-essen.de\/#website"},"primaryImageOfPage":{"@id":"https:\/\/roboter-bmv-essen.de\/?page_id=700#primaryimage"},"image":{"@id":"https:\/\/roboter-bmv-essen.de\/?page_id=700#primaryimage"},"thumbnailUrl":"https:\/\/roboter-bmv-essen.de\/wp-content\/uploads\/2022\/06\/IMG_3897-1024x683.jpg","datePublished":"2022-06-15T17:46:01+00:00","dateModified":"2022-06-15T17:55:04+00:00","description":"Am Ende des Schuljahres 2021\/2022 konnten die Sch\u00fcler*innen das Gelernte in einem schulinternen Wettbewerb unter Beweis stellen.","breadcrumb":{"@id":"https:\/\/roboter-bmv-essen.de\/?page_id=700#breadcrumb"},"inLanguage":"de","potentialAction":[{"@type":"ReadAction","target":["https:\/\/roboter-bmv-essen.de\/?page_id=700"]}]},{"@type":"ImageObject","inLanguage":"de","@id":"https:\/\/roboter-bmv-essen.de\/?page_id=700#primaryimage","url":"https:\/\/roboter-bmv-essen.de\/wp-content\/uploads\/2022\/06\/IMG_3897-scaled.jpg","contentUrl":"https:\/\/roboter-bmv-essen.de\/wp-content\/uploads\/2022\/06\/IMG_3897-scaled.jpg","width":2560,"height":1707},{"@type":"BreadcrumbList","@id":"https:\/\/roboter-bmv-essen.de\/?page_id=700#breadcrumb","itemListElement":[{"@type":"ListItem","position":1,"name":"Startseite","item":"https:\/\/roboter-bmv-essen.de\/"},{"@type":"ListItem","position":2,"name":"Schulinterner Wettbewerb 2022"}]},{"@type":"WebSite","@id":"https:\/\/roboter-bmv-essen.de\/#website","url":"https:\/\/roboter-bmv-essen.de\/","name":"Die Roboter AG","description":"Auf dem Weg nach Sydney","publisher":{"@id":"https:\/\/roboter-bmv-essen.de\/#organization"},"potentialAction":[{"@type":"SearchAction","target":{"@type":"EntryPoint","urlTemplate":"https:\/\/roboter-bmv-essen.de\/?s={search_term_string}"},"query-input":{"@type":"PropertyValueSpecification","valueRequired":true,"valueName":"search_term_string"}}],"inLanguage":"de"},{"@type":"Organization","@id":"https:\/\/roboter-bmv-essen.de\/#organization","name":"Roboter AG der BMV-Schule Essen","url":"https:\/\/roboter-bmv-essen.de\/","logo":{"@type":"ImageObject","inLanguage":"de","@id":"https:\/\/roboter-bmv-essen.de\/#\/schema\/logo\/image\/","url":"https:\/\/roboter-bmv-essen.de\/wp-content\/uploads\/2019\/05\/cropped-robi-1-1.png","contentUrl":"https:\/\/roboter-bmv-essen.de\/wp-content\/uploads\/2019\/05\/cropped-robi-1-1.png","width":267,"height":342,"caption":"Roboter AG der BMV-Schule Essen"},"image":{"@id":"https:\/\/roboter-bmv-essen.de\/#\/schema\/logo\/image\/"}}]}},"_links":{"self":[{"href":"https:\/\/roboter-bmv-essen.de\/index.php?rest_route=\/wp\/v2\/pages\/700","targetHints":{"allow":["GET"]}}],"collection":[{"href":"https:\/\/roboter-bmv-essen.de\/index.php?rest_route=\/wp\/v2\/pages"}],"about":[{"href":"https:\/\/roboter-bmv-essen.de\/index.php?rest_route=\/wp\/v2\/types\/page"}],"author":[{"embeddable":true,"href":"https:\/\/roboter-bmv-essen.de\/index.php?rest_route=\/wp\/v2\/users\/2"}],"replies":[{"embeddable":true,"href":"https:\/\/roboter-bmv-essen.de\/index.php?rest_route=%2Fwp%2Fv2%2Fcomments&post=700"}],"version-history":[{"count":0,"href":"https:\/\/roboter-bmv-essen.de\/index.php?rest_route=\/wp\/v2\/pages\/700\/revisions"}],"wp:attachment":[{"href":"https:\/\/roboter-bmv-essen.de\/index.php?rest_route=%2Fwp%2Fv2%2Fmedia&parent=700"}],"curies":[{"name":"wp","href":"https:\/\/api.w.org\/{rel}","templated":true}]}}