{"id":674,"date":"2022-05-07T10:25:14","date_gmt":"2022-05-07T10:25:14","guid":{"rendered":"https:\/\/roboter-bmv-essen.de\/?page_id=674"},"modified":"2023-09-09T17:35:11","modified_gmt":"2023-09-09T17:35:11","slug":"robocup-2022","status":"publish","type":"page","link":"https:\/\/roboter-bmv-essen.de\/?page_id=674","title":{"rendered":"RoboCup 2022"},"content":{"rendered":"\n<p class=\"has-text-align-left\">Nachdem die Wettbewerbe ab Fr\u00fchjahr 2020 aufgrund von Corona abgesagt oder online ausgetragen wurden, sind wir optimistisch in die Saison 2022 gestartet. Wir wollten mit drei Rescue Line-Teams und zwei OnStage-Teams in Hannover an den Start gehen. Aber auch hier hat uns Corona einen Strich durch die Rechnung gemacht. Die Vorrunde wurde abgesagt und die Qualifikationsquoten auf die teilnehmenden Schulen \u00fcbertragen. Somit durften wir mit einem Line-Team und zwei OnStage-Teams zur Deutschen Meisterschaft nach Kassel. Die beiden OnStage-Teams bestehen aus Sch\u00fcler*innen der siebten bis neunten Klasse und haben noch keine Wettbewerbserfahrung. Deswegen entschieden wir uns daf\u00fcr, ihnen mehr Vorbereitungszeit zu geben. Sie werden 2023 an den Start gehen.<\/p>\n\n\n\n<p><\/p>\n\n\n\n<figure class=\"wp-block-gallery has-nested-images columns-default is-cropped wp-block-gallery-1 is-layout-flex wp-block-gallery-is-layout-flex\">\n<figure class=\"wp-block-image size-large\"><img decoding=\"async\" data-id=\"681\" src=\"https:\/\/roboter-bmv-essen.de\/wp-content\/uploads\/2022\/05\/IMG_2993-1024x683.jpg\" alt=\"\" class=\"wp-image-681\"\/><\/figure>\n\n\n\n<figure class=\"wp-block-image size-large\"><img decoding=\"async\" data-id=\"677\" src=\"https:\/\/roboter-bmv-essen.de\/wp-content\/uploads\/2022\/05\/IMG_2930-1024x683.jpg\" alt=\"\" class=\"wp-image-677\"\/><\/figure>\n\n\n\n<figure class=\"wp-block-image size-large\"><img decoding=\"async\" data-id=\"680\" src=\"https:\/\/roboter-bmv-essen.de\/wp-content\/uploads\/2022\/05\/IMG_2972-1024x683.jpg\" alt=\"\" class=\"wp-image-680\"\/><\/figure>\n\n\n\n<figure class=\"wp-block-image size-large\"><img decoding=\"async\" data-id=\"678\" src=\"https:\/\/roboter-bmv-essen.de\/wp-content\/uploads\/2022\/05\/IMG_2946-1024x683.jpg\" alt=\"\" class=\"wp-image-678\"\/><\/figure>\n\n\n\n<figure class=\"wp-block-image size-large\"><img decoding=\"async\" data-id=\"682\" src=\"https:\/\/roboter-bmv-essen.de\/wp-content\/uploads\/2022\/05\/IMG_2995-1024x683.jpg\" alt=\"\" class=\"wp-image-682\"\/><\/figure>\n\n\n\n<figure class=\"wp-block-image size-large\"><img decoding=\"async\" data-id=\"683\" src=\"https:\/\/roboter-bmv-essen.de\/wp-content\/uploads\/2022\/05\/IMG_3003-1024x683.jpg\" alt=\"\" class=\"wp-image-683\"\/><\/figure>\n<\/figure>\n\n\n\n<p>Mit dem Line-Team &#8222;Tolle Scholle Yej&#8220;, bestehend aus Sch\u00fclern der zehnten und elften Klasse, sind wir Ende April nach Kassel gefahren. F\u00fcr das Team war es die erste Teilnahme an der Deutschen Meisterschaft und f\u00fcr einen Teil des Teams sogar die erste Teilnahme an einem Roboterwettbewerb \u00fcberhaupt.<\/p>\n\n\n\n<p>Die Sch\u00fcler konnten in den drei L\u00e4ufen insgesamt 95 Punkte sammeln und belegten damit den Platz 41. <\/p>\n\n\n\n<figure class=\"wp-block-gallery has-nested-images columns-default is-cropped wp-block-gallery-2 is-layout-flex wp-block-gallery-is-layout-flex\">\n<figure class=\"wp-block-image size-large\"><img decoding=\"async\" data-id=\"689\" src=\"https:\/\/roboter-bmv-essen.de\/wp-content\/uploads\/2022\/05\/IMG_3180-1024x683.jpg\" alt=\"\" class=\"wp-image-689\"\/><\/figure>\n\n\n\n<figure class=\"wp-block-image size-large\"><img decoding=\"async\" data-id=\"686\" src=\"https:\/\/roboter-bmv-essen.de\/wp-content\/uploads\/2022\/05\/IMG_3156-1024x683.jpg\" alt=\"\" class=\"wp-image-686\"\/><\/figure>\n<\/figure>\n","protected":false},"excerpt":{"rendered":"<p>Nachdem die Wettbewerbe ab Fr\u00fchjahr 2020 aufgrund von Corona abgesagt oder online ausgetragen wurden, sind wir optimistisch in die Saison 2022 gestartet. Wir wollten mit drei Rescue Line-Teams und zwei OnStage-Teams in Hannover an den Start gehen. Aber auch hier hat uns Corona einen Strich durch die Rechnung gemacht. Die Vorrunde wurde abgesagt und die [&hellip;]<\/p>\n","protected":false},"author":2,"featured_media":0,"parent":0,"menu_order":0,"comment_status":"closed","ping_status":"closed","template":"","meta":{"footnotes":""},"class_list":["post-674","page","type-page","status-publish","hentry"],"yoast_head":"<!-- This site is optimized with the Yoast SEO plugin v27.3 - https:\/\/yoast.com\/product\/yoast-seo-wordpress\/ -->\n<title>RoboCup Junior 2022<\/title>\n<meta name=\"description\" content=\"Nachdem die Wettbewerbe des RoboCup Junior ab Fr\u00fchjahr 2020 aufgrund von Corona abgesagt oder online ausgetragen wurden, sind wir optimistisch in die Saison 2022 gestartet. Wir wollten mit drei Rescue Line-Teams und zwei OnStage-Teams in Hannover an den Start gehen. Aber auch hier hat uns Corona einen Strich durch die Rechnung gezogen. Die Vorrunde wurde abgesagt und die Qualifikationsquoten auf die teilnehmenden Schulen \u00fcbertragen.\" \/>\n<meta name=\"robots\" content=\"index, follow, max-snippet:-1, max-image-preview:large, max-video-preview:-1\" \/>\n<link rel=\"canonical\" href=\"https:\/\/roboter-bmv-essen.de\/?page_id=674\" \/>\n<meta property=\"og:locale\" content=\"de_DE\" \/>\n<meta property=\"og:type\" content=\"article\" \/>\n<meta property=\"og:title\" content=\"RoboCup Junior 2022\" \/>\n<meta property=\"og:description\" content=\"Nachdem die Wettbewerbe des RoboCup Junior ab Fr\u00fchjahr 2020 aufgrund von Corona abgesagt oder online ausgetragen wurden, sind wir optimistisch in die Saison 2022 gestartet. Wir wollten mit drei Rescue Line-Teams und zwei OnStage-Teams in Hannover an den Start gehen. Aber auch hier hat uns Corona einen Strich durch die Rechnung gezogen. Die Vorrunde wurde abgesagt und die Qualifikationsquoten auf die teilnehmenden Schulen \u00fcbertragen.\" \/>\n<meta property=\"og:url\" content=\"https:\/\/roboter-bmv-essen.de\/?page_id=674\" \/>\n<meta property=\"og:site_name\" content=\"Roboter AG\" \/>\n<meta property=\"article:modified_time\" content=\"2023-09-09T17:35:11+00:00\" \/>\n<meta property=\"og:image\" content=\"https:\/\/roboter-bmv-essen.de\/wp-content\/uploads\/2022\/05\/IMG_2993-1024x683.jpg\" \/>\n<meta name=\"twitter:card\" content=\"summary_large_image\" \/>\n<meta name=\"twitter:label1\" content=\"Gesch\u00e4tzte Lesezeit\" \/>\n\t<meta name=\"twitter:data1\" content=\"3\u00a0Minuten\" \/>\n<script type=\"application\/ld+json\" class=\"yoast-schema-graph\">{\"@context\":\"https:\\\/\\\/schema.org\",\"@graph\":[{\"@type\":\"WebPage\",\"@id\":\"https:\\\/\\\/roboter-bmv-essen.de\\\/?page_id=674\",\"url\":\"https:\\\/\\\/roboter-bmv-essen.de\\\/?page_id=674\",\"name\":\"RoboCup Junior 2022\",\"isPartOf\":{\"@id\":\"https:\\\/\\\/roboter-bmv-essen.de\\\/#website\"},\"primaryImageOfPage\":{\"@id\":\"https:\\\/\\\/roboter-bmv-essen.de\\\/?page_id=674#primaryimage\"},\"image\":{\"@id\":\"https:\\\/\\\/roboter-bmv-essen.de\\\/?page_id=674#primaryimage\"},\"thumbnailUrl\":\"https:\\\/\\\/roboter-bmv-essen.de\\\/wp-content\\\/uploads\\\/2022\\\/05\\\/IMG_2993-1024x683.jpg\",\"datePublished\":\"2022-05-07T10:25:14+00:00\",\"dateModified\":\"2023-09-09T17:35:11+00:00\",\"description\":\"Nachdem die Wettbewerbe des RoboCup Junior ab Fr\u00fchjahr 2020 aufgrund von Corona abgesagt oder online ausgetragen wurden, sind wir optimistisch in die Saison 2022 gestartet. Wir wollten mit drei Rescue Line-Teams und zwei OnStage-Teams in Hannover an den Start gehen. Aber auch hier hat uns Corona einen Strich durch die Rechnung gezogen. Die Vorrunde wurde abgesagt und die Qualifikationsquoten auf die teilnehmenden Schulen \u00fcbertragen.\",\"breadcrumb\":{\"@id\":\"https:\\\/\\\/roboter-bmv-essen.de\\\/?page_id=674#breadcrumb\"},\"inLanguage\":\"de\",\"potentialAction\":[{\"@type\":\"ReadAction\",\"target\":[\"https:\\\/\\\/roboter-bmv-essen.de\\\/?page_id=674\"]}]},{\"@type\":\"ImageObject\",\"inLanguage\":\"de\",\"@id\":\"https:\\\/\\\/roboter-bmv-essen.de\\\/?page_id=674#primaryimage\",\"url\":\"https:\\\/\\\/roboter-bmv-essen.de\\\/wp-content\\\/uploads\\\/2022\\\/05\\\/IMG_2993-scaled.jpg\",\"contentUrl\":\"https:\\\/\\\/roboter-bmv-essen.de\\\/wp-content\\\/uploads\\\/2022\\\/05\\\/IMG_2993-scaled.jpg\",\"width\":2560,\"height\":1707},{\"@type\":\"BreadcrumbList\",\"@id\":\"https:\\\/\\\/roboter-bmv-essen.de\\\/?page_id=674#breadcrumb\",\"itemListElement\":[{\"@type\":\"ListItem\",\"position\":1,\"name\":\"Startseite\",\"item\":\"https:\\\/\\\/roboter-bmv-essen.de\\\/\"},{\"@type\":\"ListItem\",\"position\":2,\"name\":\"RoboCup 2022\"}]},{\"@type\":\"WebSite\",\"@id\":\"https:\\\/\\\/roboter-bmv-essen.de\\\/#website\",\"url\":\"https:\\\/\\\/roboter-bmv-essen.de\\\/\",\"name\":\"Die Roboter AG\",\"description\":\"Auf dem Weg nach Sydney\",\"publisher\":{\"@id\":\"https:\\\/\\\/roboter-bmv-essen.de\\\/#organization\"},\"potentialAction\":[{\"@type\":\"SearchAction\",\"target\":{\"@type\":\"EntryPoint\",\"urlTemplate\":\"https:\\\/\\\/roboter-bmv-essen.de\\\/?s={search_term_string}\"},\"query-input\":{\"@type\":\"PropertyValueSpecification\",\"valueRequired\":true,\"valueName\":\"search_term_string\"}}],\"inLanguage\":\"de\"},{\"@type\":\"Organization\",\"@id\":\"https:\\\/\\\/roboter-bmv-essen.de\\\/#organization\",\"name\":\"Roboter AG der BMV-Schule Essen\",\"url\":\"https:\\\/\\\/roboter-bmv-essen.de\\\/\",\"logo\":{\"@type\":\"ImageObject\",\"inLanguage\":\"de\",\"@id\":\"https:\\\/\\\/roboter-bmv-essen.de\\\/#\\\/schema\\\/logo\\\/image\\\/\",\"url\":\"https:\\\/\\\/roboter-bmv-essen.de\\\/wp-content\\\/uploads\\\/2019\\\/05\\\/cropped-robi-1-1.png\",\"contentUrl\":\"https:\\\/\\\/roboter-bmv-essen.de\\\/wp-content\\\/uploads\\\/2019\\\/05\\\/cropped-robi-1-1.png\",\"width\":267,\"height\":342,\"caption\":\"Roboter AG der BMV-Schule Essen\"},\"image\":{\"@id\":\"https:\\\/\\\/roboter-bmv-essen.de\\\/#\\\/schema\\\/logo\\\/image\\\/\"}}]}<\/script>\n<!-- \/ Yoast SEO plugin. -->","yoast_head_json":{"title":"RoboCup Junior 2022","description":"Nachdem die Wettbewerbe des RoboCup Junior ab Fr\u00fchjahr 2020 aufgrund von Corona abgesagt oder online ausgetragen wurden, sind wir optimistisch in die Saison 2022 gestartet. Wir wollten mit drei Rescue Line-Teams und zwei OnStage-Teams in Hannover an den Start gehen. Aber auch hier hat uns Corona einen Strich durch die Rechnung gezogen. Die Vorrunde wurde abgesagt und die Qualifikationsquoten auf die teilnehmenden Schulen \u00fcbertragen.","robots":{"index":"index","follow":"follow","max-snippet":"max-snippet:-1","max-image-preview":"max-image-preview:large","max-video-preview":"max-video-preview:-1"},"canonical":"https:\/\/roboter-bmv-essen.de\/?page_id=674","og_locale":"de_DE","og_type":"article","og_title":"RoboCup Junior 2022","og_description":"Nachdem die Wettbewerbe des RoboCup Junior ab Fr\u00fchjahr 2020 aufgrund von Corona abgesagt oder online ausgetragen wurden, sind wir optimistisch in die Saison 2022 gestartet. Wir wollten mit drei Rescue Line-Teams und zwei OnStage-Teams in Hannover an den Start gehen. Aber auch hier hat uns Corona einen Strich durch die Rechnung gezogen. Die Vorrunde wurde abgesagt und die Qualifikationsquoten auf die teilnehmenden Schulen \u00fcbertragen.","og_url":"https:\/\/roboter-bmv-essen.de\/?page_id=674","og_site_name":"Roboter AG","article_modified_time":"2023-09-09T17:35:11+00:00","og_image":[{"url":"https:\/\/roboter-bmv-essen.de\/wp-content\/uploads\/2022\/05\/IMG_2993-1024x683.jpg","type":"","width":"","height":""}],"twitter_card":"summary_large_image","twitter_misc":{"Gesch\u00e4tzte Lesezeit":"3\u00a0Minuten"},"schema":{"@context":"https:\/\/schema.org","@graph":[{"@type":"WebPage","@id":"https:\/\/roboter-bmv-essen.de\/?page_id=674","url":"https:\/\/roboter-bmv-essen.de\/?page_id=674","name":"RoboCup Junior 2022","isPartOf":{"@id":"https:\/\/roboter-bmv-essen.de\/#website"},"primaryImageOfPage":{"@id":"https:\/\/roboter-bmv-essen.de\/?page_id=674#primaryimage"},"image":{"@id":"https:\/\/roboter-bmv-essen.de\/?page_id=674#primaryimage"},"thumbnailUrl":"https:\/\/roboter-bmv-essen.de\/wp-content\/uploads\/2022\/05\/IMG_2993-1024x683.jpg","datePublished":"2022-05-07T10:25:14+00:00","dateModified":"2023-09-09T17:35:11+00:00","description":"Nachdem die Wettbewerbe des RoboCup Junior ab Fr\u00fchjahr 2020 aufgrund von Corona abgesagt oder online ausgetragen wurden, sind wir optimistisch in die Saison 2022 gestartet. Wir wollten mit drei Rescue Line-Teams und zwei OnStage-Teams in Hannover an den Start gehen. Aber auch hier hat uns Corona einen Strich durch die Rechnung gezogen. Die Vorrunde wurde abgesagt und die Qualifikationsquoten auf die teilnehmenden Schulen \u00fcbertragen.","breadcrumb":{"@id":"https:\/\/roboter-bmv-essen.de\/?page_id=674#breadcrumb"},"inLanguage":"de","potentialAction":[{"@type":"ReadAction","target":["https:\/\/roboter-bmv-essen.de\/?page_id=674"]}]},{"@type":"ImageObject","inLanguage":"de","@id":"https:\/\/roboter-bmv-essen.de\/?page_id=674#primaryimage","url":"https:\/\/roboter-bmv-essen.de\/wp-content\/uploads\/2022\/05\/IMG_2993-scaled.jpg","contentUrl":"https:\/\/roboter-bmv-essen.de\/wp-content\/uploads\/2022\/05\/IMG_2993-scaled.jpg","width":2560,"height":1707},{"@type":"BreadcrumbList","@id":"https:\/\/roboter-bmv-essen.de\/?page_id=674#breadcrumb","itemListElement":[{"@type":"ListItem","position":1,"name":"Startseite","item":"https:\/\/roboter-bmv-essen.de\/"},{"@type":"ListItem","position":2,"name":"RoboCup 2022"}]},{"@type":"WebSite","@id":"https:\/\/roboter-bmv-essen.de\/#website","url":"https:\/\/roboter-bmv-essen.de\/","name":"Die Roboter AG","description":"Auf dem Weg nach Sydney","publisher":{"@id":"https:\/\/roboter-bmv-essen.de\/#organization"},"potentialAction":[{"@type":"SearchAction","target":{"@type":"EntryPoint","urlTemplate":"https:\/\/roboter-bmv-essen.de\/?s={search_term_string}"},"query-input":{"@type":"PropertyValueSpecification","valueRequired":true,"valueName":"search_term_string"}}],"inLanguage":"de"},{"@type":"Organization","@id":"https:\/\/roboter-bmv-essen.de\/#organization","name":"Roboter AG der BMV-Schule Essen","url":"https:\/\/roboter-bmv-essen.de\/","logo":{"@type":"ImageObject","inLanguage":"de","@id":"https:\/\/roboter-bmv-essen.de\/#\/schema\/logo\/image\/","url":"https:\/\/roboter-bmv-essen.de\/wp-content\/uploads\/2019\/05\/cropped-robi-1-1.png","contentUrl":"https:\/\/roboter-bmv-essen.de\/wp-content\/uploads\/2019\/05\/cropped-robi-1-1.png","width":267,"height":342,"caption":"Roboter AG der BMV-Schule Essen"},"image":{"@id":"https:\/\/roboter-bmv-essen.de\/#\/schema\/logo\/image\/"}}]}},"_links":{"self":[{"href":"https:\/\/roboter-bmv-essen.de\/index.php?rest_route=\/wp\/v2\/pages\/674","targetHints":{"allow":["GET"]}}],"collection":[{"href":"https:\/\/roboter-bmv-essen.de\/index.php?rest_route=\/wp\/v2\/pages"}],"about":[{"href":"https:\/\/roboter-bmv-essen.de\/index.php?rest_route=\/wp\/v2\/types\/page"}],"author":[{"embeddable":true,"href":"https:\/\/roboter-bmv-essen.de\/index.php?rest_route=\/wp\/v2\/users\/2"}],"replies":[{"embeddable":true,"href":"https:\/\/roboter-bmv-essen.de\/index.php?rest_route=%2Fwp%2Fv2%2Fcomments&post=674"}],"version-history":[{"count":0,"href":"https:\/\/roboter-bmv-essen.de\/index.php?rest_route=\/wp\/v2\/pages\/674\/revisions"}],"wp:attachment":[{"href":"https:\/\/roboter-bmv-essen.de\/index.php?rest_route=%2Fwp%2Fv2%2Fmedia&parent=674"}],"curies":[{"name":"wp","href":"https:\/\/api.w.org\/{rel}","templated":true}]}}