{"id":570,"date":"2020-04-23T18:11:32","date_gmt":"2020-04-23T18:11:32","guid":{"rendered":"https:\/\/roboter-bmv-essen.de\/?page_id=570"},"modified":"2020-04-23T19:46:10","modified_gmt":"2020-04-23T19:46:10","slug":"zdi-2015","status":"publish","type":"page","link":"https:\/\/roboter-bmv-essen.de\/?page_id=570","title":{"rendered":"ZDI 2015"},"content":{"rendered":"\n<p class=\"has-text-align-left\">Im Jahr 2015 lautete das Thema des ZDI-Wettbewerbs \u201enachhaltige Nahrungsmittelproduktion\u201c. Nach einer gr\u00fcndlichen Auseinandersetzung mit diesem Thema erschufen die \u201eBMVuture Kids\u201c f\u00fcr ihre Performance ein B\u00fchnenbild mit vier verschiedenen Ebenen: Eine \u201eschlechte\u201c und eine nachhaltige Gegenwart sowie eine \u201eschlechte\u201c und eine \u201egute\u201c Zukunft. Die Idee dahinter: Die beiden Hauptroboter sollen in der Gegenwart nachhaltig handeln, um in der Zukunft positive Ver\u00e4nderungen zu bewirken.<\/p>\n\n\n\n<p><\/p>\n\n\n\n<figure class=\"wp-block-image size-large\"><img loading=\"lazy\" decoding=\"async\" width=\"1024\" height=\"680\" src=\"https:\/\/roboter-bmv-essen.de\/wp-content\/uploads\/2020\/04\/Teamfoto-mit-B\u00fchnenbild_-1024x680.jpg\" alt=\"\" class=\"wp-image-584\" srcset=\"https:\/\/roboter-bmv-essen.de\/wp-content\/uploads\/2020\/04\/Teamfoto-mit-B\u00fchnenbild_-1024x680.jpg 1024w, https:\/\/roboter-bmv-essen.de\/wp-content\/uploads\/2020\/04\/Teamfoto-mit-B\u00fchnenbild_-300x199.jpg 300w, https:\/\/roboter-bmv-essen.de\/wp-content\/uploads\/2020\/04\/Teamfoto-mit-B\u00fchnenbild_-768x510.jpg 768w, https:\/\/roboter-bmv-essen.de\/wp-content\/uploads\/2020\/04\/Teamfoto-mit-B\u00fchnenbild_-1536x1020.jpg 1536w, https:\/\/roboter-bmv-essen.de\/wp-content\/uploads\/2020\/04\/Teamfoto-mit-B\u00fchnenbild_.jpg 2048w\" sizes=\"auto, (max-width: 1024px) 100vw, 1024px\" \/><\/figure>\n\n\n\n<p>Durch einen erfolgreichen zweiten Platz in der Vorrunde in Bottrop konnten sich die \u201eBMVuture Kids\u201c f\u00fcr das Finale in M\u00fclheim qualifizieren. Eine dortige (fast) perfekte Performance sorgte f\u00fcr gro\u00dfe Freude bei den Sch\u00fclerinnen der siebten Klasse: Sie hatten den ersten Platz belegt und waren somit Sieger des ZDI-Roboterwettbewerbs in der Kategorie Robot-Performance.<\/p>\n","protected":false},"excerpt":{"rendered":"<p>Im Jahr 2015 lautete das Thema des ZDI-Wettbewerbs \u201enachhaltige Nahrungsmittelproduktion\u201c. Nach einer gr\u00fcndlichen Auseinandersetzung mit diesem Thema erschufen die \u201eBMVuture Kids\u201c f\u00fcr ihre Performance ein B\u00fchnenbild mit vier verschiedenen Ebenen: Eine \u201eschlechte\u201c und eine nachhaltige Gegenwart sowie eine \u201eschlechte\u201c und eine \u201egute\u201c Zukunft. Die Idee dahinter: Die beiden Hauptroboter sollen in der Gegenwart nachhaltig handeln, [&hellip;]<\/p>\n","protected":false},"author":2,"featured_media":0,"parent":0,"menu_order":0,"comment_status":"closed","ping_status":"closed","template":"","meta":{"footnotes":""},"class_list":["post-570","page","type-page","status-publish","hentry"],"yoast_head":"<!-- This site is optimized with the Yoast SEO plugin v27.4 - https:\/\/yoast.com\/product\/yoast-seo-wordpress\/ -->\n<title>ZDI 2015 - Roboter AG<\/title>\n<meta name=\"robots\" content=\"index, follow, max-snippet:-1, max-image-preview:large, max-video-preview:-1\" \/>\n<link rel=\"canonical\" href=\"https:\/\/roboter-bmv-essen.de\/?page_id=570\" \/>\n<meta property=\"og:locale\" content=\"de_DE\" \/>\n<meta property=\"og:type\" content=\"article\" \/>\n<meta property=\"og:title\" content=\"ZDI 2015 - Roboter AG\" \/>\n<meta property=\"og:description\" content=\"Im Jahr 2015 lautete das Thema des ZDI-Wettbewerbs \u201enachhaltige Nahrungsmittelproduktion\u201c. Nach einer gr\u00fcndlichen Auseinandersetzung mit diesem Thema erschufen die \u201eBMVuture Kids\u201c f\u00fcr ihre Performance ein B\u00fchnenbild mit vier verschiedenen Ebenen: Eine \u201eschlechte\u201c und eine nachhaltige Gegenwart sowie eine \u201eschlechte\u201c und eine \u201egute\u201c Zukunft. Die Idee dahinter: Die beiden Hauptroboter sollen in der Gegenwart nachhaltig handeln, [&hellip;]\" \/>\n<meta property=\"og:url\" content=\"https:\/\/roboter-bmv-essen.de\/?page_id=570\" \/>\n<meta property=\"og:site_name\" content=\"Roboter AG\" \/>\n<meta property=\"article:modified_time\" content=\"2020-04-23T19:46:10+00:00\" \/>\n<meta name=\"twitter:card\" content=\"summary_large_image\" \/>\n<meta name=\"twitter:label1\" content=\"Gesch\u00e4tzte Lesezeit\" \/>\n\t<meta name=\"twitter:data1\" content=\"1\u00a0Minute\" \/>\n<script type=\"application\/ld+json\" class=\"yoast-schema-graph\">{\"@context\":\"https:\\\/\\\/schema.org\",\"@graph\":[{\"@type\":\"WebPage\",\"@id\":\"https:\\\/\\\/roboter-bmv-essen.de\\\/?page_id=570\",\"url\":\"https:\\\/\\\/roboter-bmv-essen.de\\\/?page_id=570\",\"name\":\"ZDI 2015 - Roboter AG\",\"isPartOf\":{\"@id\":\"https:\\\/\\\/roboter-bmv-essen.de\\\/#website\"},\"datePublished\":\"2020-04-23T18:11:32+00:00\",\"dateModified\":\"2020-04-23T19:46:10+00:00\",\"breadcrumb\":{\"@id\":\"https:\\\/\\\/roboter-bmv-essen.de\\\/?page_id=570#breadcrumb\"},\"inLanguage\":\"de\",\"potentialAction\":[{\"@type\":\"ReadAction\",\"target\":[\"https:\\\/\\\/roboter-bmv-essen.de\\\/?page_id=570\"]}]},{\"@type\":\"BreadcrumbList\",\"@id\":\"https:\\\/\\\/roboter-bmv-essen.de\\\/?page_id=570#breadcrumb\",\"itemListElement\":[{\"@type\":\"ListItem\",\"position\":1,\"name\":\"Startseite\",\"item\":\"https:\\\/\\\/roboter-bmv-essen.de\\\/\"},{\"@type\":\"ListItem\",\"position\":2,\"name\":\"ZDI 2015\"}]},{\"@type\":\"WebSite\",\"@id\":\"https:\\\/\\\/roboter-bmv-essen.de\\\/#website\",\"url\":\"https:\\\/\\\/roboter-bmv-essen.de\\\/\",\"name\":\"Die Roboter AG\",\"description\":\"Auf dem Weg nach Sydney\",\"publisher\":{\"@id\":\"https:\\\/\\\/roboter-bmv-essen.de\\\/#organization\"},\"potentialAction\":[{\"@type\":\"SearchAction\",\"target\":{\"@type\":\"EntryPoint\",\"urlTemplate\":\"https:\\\/\\\/roboter-bmv-essen.de\\\/?s={search_term_string}\"},\"query-input\":{\"@type\":\"PropertyValueSpecification\",\"valueRequired\":true,\"valueName\":\"search_term_string\"}}],\"inLanguage\":\"de\"},{\"@type\":\"Organization\",\"@id\":\"https:\\\/\\\/roboter-bmv-essen.de\\\/#organization\",\"name\":\"Roboter AG der BMV-Schule Essen\",\"url\":\"https:\\\/\\\/roboter-bmv-essen.de\\\/\",\"logo\":{\"@type\":\"ImageObject\",\"inLanguage\":\"de\",\"@id\":\"https:\\\/\\\/roboter-bmv-essen.de\\\/#\\\/schema\\\/logo\\\/image\\\/\",\"url\":\"https:\\\/\\\/roboter-bmv-essen.de\\\/wp-content\\\/uploads\\\/2019\\\/05\\\/cropped-robi-1-1.png\",\"contentUrl\":\"https:\\\/\\\/roboter-bmv-essen.de\\\/wp-content\\\/uploads\\\/2019\\\/05\\\/cropped-robi-1-1.png\",\"width\":267,\"height\":342,\"caption\":\"Roboter AG der BMV-Schule Essen\"},\"image\":{\"@id\":\"https:\\\/\\\/roboter-bmv-essen.de\\\/#\\\/schema\\\/logo\\\/image\\\/\"}}]}<\/script>\n<!-- \/ Yoast SEO plugin. -->","yoast_head_json":{"title":"ZDI 2015 - Roboter AG","robots":{"index":"index","follow":"follow","max-snippet":"max-snippet:-1","max-image-preview":"max-image-preview:large","max-video-preview":"max-video-preview:-1"},"canonical":"https:\/\/roboter-bmv-essen.de\/?page_id=570","og_locale":"de_DE","og_type":"article","og_title":"ZDI 2015 - Roboter AG","og_description":"Im Jahr 2015 lautete das Thema des ZDI-Wettbewerbs \u201enachhaltige Nahrungsmittelproduktion\u201c. Nach einer gr\u00fcndlichen Auseinandersetzung mit diesem Thema erschufen die \u201eBMVuture Kids\u201c f\u00fcr ihre Performance ein B\u00fchnenbild mit vier verschiedenen Ebenen: Eine \u201eschlechte\u201c und eine nachhaltige Gegenwart sowie eine \u201eschlechte\u201c und eine \u201egute\u201c Zukunft. Die Idee dahinter: Die beiden Hauptroboter sollen in der Gegenwart nachhaltig handeln, [&hellip;]","og_url":"https:\/\/roboter-bmv-essen.de\/?page_id=570","og_site_name":"Roboter AG","article_modified_time":"2020-04-23T19:46:10+00:00","twitter_card":"summary_large_image","twitter_misc":{"Gesch\u00e4tzte Lesezeit":"1\u00a0Minute"},"schema":{"@context":"https:\/\/schema.org","@graph":[{"@type":"WebPage","@id":"https:\/\/roboter-bmv-essen.de\/?page_id=570","url":"https:\/\/roboter-bmv-essen.de\/?page_id=570","name":"ZDI 2015 - Roboter AG","isPartOf":{"@id":"https:\/\/roboter-bmv-essen.de\/#website"},"datePublished":"2020-04-23T18:11:32+00:00","dateModified":"2020-04-23T19:46:10+00:00","breadcrumb":{"@id":"https:\/\/roboter-bmv-essen.de\/?page_id=570#breadcrumb"},"inLanguage":"de","potentialAction":[{"@type":"ReadAction","target":["https:\/\/roboter-bmv-essen.de\/?page_id=570"]}]},{"@type":"BreadcrumbList","@id":"https:\/\/roboter-bmv-essen.de\/?page_id=570#breadcrumb","itemListElement":[{"@type":"ListItem","position":1,"name":"Startseite","item":"https:\/\/roboter-bmv-essen.de\/"},{"@type":"ListItem","position":2,"name":"ZDI 2015"}]},{"@type":"WebSite","@id":"https:\/\/roboter-bmv-essen.de\/#website","url":"https:\/\/roboter-bmv-essen.de\/","name":"Die Roboter AG","description":"Auf dem Weg nach Sydney","publisher":{"@id":"https:\/\/roboter-bmv-essen.de\/#organization"},"potentialAction":[{"@type":"SearchAction","target":{"@type":"EntryPoint","urlTemplate":"https:\/\/roboter-bmv-essen.de\/?s={search_term_string}"},"query-input":{"@type":"PropertyValueSpecification","valueRequired":true,"valueName":"search_term_string"}}],"inLanguage":"de"},{"@type":"Organization","@id":"https:\/\/roboter-bmv-essen.de\/#organization","name":"Roboter AG der BMV-Schule Essen","url":"https:\/\/roboter-bmv-essen.de\/","logo":{"@type":"ImageObject","inLanguage":"de","@id":"https:\/\/roboter-bmv-essen.de\/#\/schema\/logo\/image\/","url":"https:\/\/roboter-bmv-essen.de\/wp-content\/uploads\/2019\/05\/cropped-robi-1-1.png","contentUrl":"https:\/\/roboter-bmv-essen.de\/wp-content\/uploads\/2019\/05\/cropped-robi-1-1.png","width":267,"height":342,"caption":"Roboter AG der BMV-Schule Essen"},"image":{"@id":"https:\/\/roboter-bmv-essen.de\/#\/schema\/logo\/image\/"}}]}},"_links":{"self":[{"href":"https:\/\/roboter-bmv-essen.de\/index.php?rest_route=\/wp\/v2\/pages\/570","targetHints":{"allow":["GET"]}}],"collection":[{"href":"https:\/\/roboter-bmv-essen.de\/index.php?rest_route=\/wp\/v2\/pages"}],"about":[{"href":"https:\/\/roboter-bmv-essen.de\/index.php?rest_route=\/wp\/v2\/types\/page"}],"author":[{"embeddable":true,"href":"https:\/\/roboter-bmv-essen.de\/index.php?rest_route=\/wp\/v2\/users\/2"}],"replies":[{"embeddable":true,"href":"https:\/\/roboter-bmv-essen.de\/index.php?rest_route=%2Fwp%2Fv2%2Fcomments&post=570"}],"version-history":[{"count":0,"href":"https:\/\/roboter-bmv-essen.de\/index.php?rest_route=\/wp\/v2\/pages\/570\/revisions"}],"wp:attachment":[{"href":"https:\/\/roboter-bmv-essen.de\/index.php?rest_route=%2Fwp%2Fv2%2Fmedia&parent=570"}],"curies":[{"name":"wp","href":"https:\/\/api.w.org\/{rel}","templated":true}]}}