{"id":568,"date":"2020-04-23T18:10:02","date_gmt":"2020-04-23T18:10:02","guid":{"rendered":"https:\/\/roboter-bmv-essen.de\/?page_id=568"},"modified":"2020-04-23T19:10:25","modified_gmt":"2020-04-23T19:10:25","slug":"robocup-2016","status":"publish","type":"page","link":"https:\/\/roboter-bmv-essen.de\/?page_id=568","title":{"rendered":"RoboCup 2016"},"content":{"rendered":"\n<figure class=\"wp-block-image size-large\"><img decoding=\"async\" src=\"https:\/\/roboter-bmv-essen.de\/wp-content\/uploads\/2020\/04\/Teamfoto-1-1024x681.jpg\" alt=\"\" class=\"wp-image-602\"\/><\/figure>\n\n\n\n<p>Nach dem Sieg der AG beim ZDI im vorigen Jahr suchten die sechs Sch\u00fclerinnen der achten Klasse nach neuen Herausforderungen und wurden auf den RoboCup, einen internationalen Roboterwettbewerb, aufmerksam. F\u00fcr den Einstieg in diesen Wettbewerb orientierten sie sich an dem Film Rio. Sie bastelten B\u00e4ume, bemalten Holzplatten, an denen zum ersten Mal ein Arduino zum Einsatz kam, bauten Roboter in der Form von V\u00f6geln und nat\u00fcrlich einen Trecker, der f\u00fcr die Rodung des Regenwaldes verantwortlich war.<\/p>\n\n\n\n<p><\/p>\n\n\n\n<figure class=\"wp-block-gallery columns-3 is-cropped wp-block-gallery-1 is-layout-flex wp-block-gallery-is-layout-flex\"><ul class=\"blocks-gallery-grid\"><li class=\"blocks-gallery-item\"><figure><img decoding=\"async\" src=\"https:\/\/roboter-bmv-essen.de\/wp-content\/uploads\/2020\/04\/K\u00fcken-681x1024.jpg\" alt=\"\" data-id=\"603\" data-link=\"https:\/\/roboter-bmv-essen.de\/?attachment_id=603\" class=\"wp-image-603\"\/><\/figure><\/li><li class=\"blocks-gallery-item\"><figure><img decoding=\"async\" src=\"https:\/\/roboter-bmv-essen.de\/wp-content\/uploads\/2020\/04\/NJ-Programmieren-1024x681.jpg\" alt=\"\" data-id=\"604\" data-link=\"https:\/\/roboter-bmv-essen.de\/?attachment_id=604\" class=\"wp-image-604\"\/><\/figure><\/li><li class=\"blocks-gallery-item\"><figure><img decoding=\"async\" src=\"https:\/\/roboter-bmv-essen.de\/wp-content\/uploads\/2020\/04\/Roboter_Vogel-blau-1024x681.jpg\" alt=\"\" data-id=\"605\" data-link=\"https:\/\/roboter-bmv-essen.de\/?attachment_id=605\" class=\"wp-image-605\"\/><\/figure><\/li><li class=\"blocks-gallery-item\"><figure><img decoding=\"async\" src=\"https:\/\/roboter-bmv-essen.de\/wp-content\/uploads\/2020\/04\/Roboter_Trecker-1024x681.jpg\" alt=\"\" data-id=\"606\" data-link=\"https:\/\/roboter-bmv-essen.de\/?attachment_id=606\" class=\"wp-image-606\"\/><\/figure><\/li><\/ul><\/figure>\n\n\n\n<p>Die Vorrunde in Sankt Augustin meisterten die \u201eDragonfruits\u201c mit einem guten zweiten Platz, der ihnen das Ticket zur deutschen Meisterschaft in Magdeburg brachte. Trotz der starken Konkurrenz bei den German Open, belegten die Sch\u00fclerinnen der AG in Magdeburg den f\u00fcnften Platz.<\/p>\n\n\n\n<p><\/p>\n\n\n\n<figure class=\"wp-block-gallery columns-2 is-cropped wp-block-gallery-2 is-layout-flex wp-block-gallery-is-layout-flex\"><ul class=\"blocks-gallery-grid\"><li class=\"blocks-gallery-item\"><figure><img decoding=\"async\" src=\"https:\/\/roboter-bmv-essen.de\/wp-content\/uploads\/2020\/04\/Performance-1-1024x681.jpg\" alt=\"\" data-id=\"610\" data-full-url=\"https:\/\/roboter-bmv-essen.de\/wp-content\/uploads\/2020\/04\/Performance-1-scaled.jpg\" data-link=\"https:\/\/roboter-bmv-essen.de\/?attachment_id=610\" class=\"wp-image-610\"\/><\/figure><\/li><li class=\"blocks-gallery-item\"><figure><img decoding=\"async\" src=\"https:\/\/roboter-bmv-essen.de\/wp-content\/uploads\/2020\/04\/Proben-auf-der-B\u00fchne-1-1024x681.jpg\" alt=\"\" data-id=\"611\" data-full-url=\"https:\/\/roboter-bmv-essen.de\/wp-content\/uploads\/2020\/04\/Proben-auf-der-B\u00fchne-1-scaled.jpg\" data-link=\"https:\/\/roboter-bmv-essen.de\/?attachment_id=611\" class=\"wp-image-611\"\/><\/figure><\/li><\/ul><\/figure>\n","protected":false},"excerpt":{"rendered":"<p>Nach dem Sieg der AG beim ZDI im vorigen Jahr suchten die sechs Sch\u00fclerinnen der achten Klasse nach neuen Herausforderungen und wurden auf den RoboCup, einen internationalen Roboterwettbewerb, aufmerksam. F\u00fcr den Einstieg in diesen Wettbewerb orientierten sie sich an dem Film Rio. Sie bastelten B\u00e4ume, bemalten Holzplatten, an denen zum ersten Mal ein Arduino zum [&hellip;]<\/p>\n","protected":false},"author":2,"featured_media":0,"parent":0,"menu_order":0,"comment_status":"closed","ping_status":"closed","template":"","meta":{"footnotes":""},"class_list":["post-568","page","type-page","status-publish","hentry"],"yoast_head":"<!-- This site is optimized with the Yoast SEO plugin v27.5 - https:\/\/yoast.com\/product\/yoast-seo-wordpress\/ -->\n<title>RoboCup 2016 - Roboter AG<\/title>\n<meta name=\"robots\" content=\"index, follow, max-snippet:-1, max-image-preview:large, max-video-preview:-1\" \/>\n<link rel=\"canonical\" href=\"https:\/\/roboter-bmv-essen.de\/?page_id=568\" \/>\n<meta property=\"og:locale\" content=\"de_DE\" \/>\n<meta property=\"og:type\" content=\"article\" \/>\n<meta property=\"og:title\" content=\"RoboCup 2016 - Roboter AG\" \/>\n<meta property=\"og:description\" content=\"Nach dem Sieg der AG beim ZDI im vorigen Jahr suchten die sechs Sch\u00fclerinnen der achten Klasse nach neuen Herausforderungen und wurden auf den RoboCup, einen internationalen Roboterwettbewerb, aufmerksam. F\u00fcr den Einstieg in diesen Wettbewerb orientierten sie sich an dem Film Rio. Sie bastelten B\u00e4ume, bemalten Holzplatten, an denen zum ersten Mal ein Arduino zum [&hellip;]\" \/>\n<meta property=\"og:url\" content=\"https:\/\/roboter-bmv-essen.de\/?page_id=568\" \/>\n<meta property=\"og:site_name\" content=\"Roboter AG\" \/>\n<meta property=\"article:modified_time\" content=\"2020-04-23T19:10:25+00:00\" \/>\n<meta property=\"og:image\" content=\"https:\/\/roboter-bmv-essen.de\/wp-content\/uploads\/2020\/04\/Teamfoto-1-1024x681.jpg\" \/>\n<meta name=\"twitter:card\" content=\"summary_large_image\" \/>\n<meta name=\"twitter:label1\" content=\"Gesch\u00e4tzte Lesezeit\" \/>\n\t<meta name=\"twitter:data1\" content=\"1\u00a0Minute\" \/>\n<script type=\"application\/ld+json\" class=\"yoast-schema-graph\">{\"@context\":\"https:\\\/\\\/schema.org\",\"@graph\":[{\"@type\":\"WebPage\",\"@id\":\"https:\\\/\\\/roboter-bmv-essen.de\\\/?page_id=568\",\"url\":\"https:\\\/\\\/roboter-bmv-essen.de\\\/?page_id=568\",\"name\":\"RoboCup 2016 - Roboter AG\",\"isPartOf\":{\"@id\":\"https:\\\/\\\/roboter-bmv-essen.de\\\/#website\"},\"primaryImageOfPage\":{\"@id\":\"https:\\\/\\\/roboter-bmv-essen.de\\\/?page_id=568#primaryimage\"},\"image\":{\"@id\":\"https:\\\/\\\/roboter-bmv-essen.de\\\/?page_id=568#primaryimage\"},\"thumbnailUrl\":\"https:\\\/\\\/roboter-bmv-essen.de\\\/wp-content\\\/uploads\\\/2020\\\/04\\\/Teamfoto-1-1024x681.jpg\",\"datePublished\":\"2020-04-23T18:10:02+00:00\",\"dateModified\":\"2020-04-23T19:10:25+00:00\",\"breadcrumb\":{\"@id\":\"https:\\\/\\\/roboter-bmv-essen.de\\\/?page_id=568#breadcrumb\"},\"inLanguage\":\"de\",\"potentialAction\":[{\"@type\":\"ReadAction\",\"target\":[\"https:\\\/\\\/roboter-bmv-essen.de\\\/?page_id=568\"]}]},{\"@type\":\"ImageObject\",\"inLanguage\":\"de\",\"@id\":\"https:\\\/\\\/roboter-bmv-essen.de\\\/?page_id=568#primaryimage\",\"url\":\"https:\\\/\\\/roboter-bmv-essen.de\\\/wp-content\\\/uploads\\\/2020\\\/04\\\/Teamfoto-1-1024x681.jpg\",\"contentUrl\":\"https:\\\/\\\/roboter-bmv-essen.de\\\/wp-content\\\/uploads\\\/2020\\\/04\\\/Teamfoto-1-1024x681.jpg\"},{\"@type\":\"BreadcrumbList\",\"@id\":\"https:\\\/\\\/roboter-bmv-essen.de\\\/?page_id=568#breadcrumb\",\"itemListElement\":[{\"@type\":\"ListItem\",\"position\":1,\"name\":\"Startseite\",\"item\":\"https:\\\/\\\/roboter-bmv-essen.de\\\/\"},{\"@type\":\"ListItem\",\"position\":2,\"name\":\"RoboCup 2016\"}]},{\"@type\":\"WebSite\",\"@id\":\"https:\\\/\\\/roboter-bmv-essen.de\\\/#website\",\"url\":\"https:\\\/\\\/roboter-bmv-essen.de\\\/\",\"name\":\"Die Roboter AG\",\"description\":\"Auf dem Weg nach Sydney\",\"publisher\":{\"@id\":\"https:\\\/\\\/roboter-bmv-essen.de\\\/#organization\"},\"potentialAction\":[{\"@type\":\"SearchAction\",\"target\":{\"@type\":\"EntryPoint\",\"urlTemplate\":\"https:\\\/\\\/roboter-bmv-essen.de\\\/?s={search_term_string}\"},\"query-input\":{\"@type\":\"PropertyValueSpecification\",\"valueRequired\":true,\"valueName\":\"search_term_string\"}}],\"inLanguage\":\"de\"},{\"@type\":\"Organization\",\"@id\":\"https:\\\/\\\/roboter-bmv-essen.de\\\/#organization\",\"name\":\"Roboter AG der BMV-Schule Essen\",\"url\":\"https:\\\/\\\/roboter-bmv-essen.de\\\/\",\"logo\":{\"@type\":\"ImageObject\",\"inLanguage\":\"de\",\"@id\":\"https:\\\/\\\/roboter-bmv-essen.de\\\/#\\\/schema\\\/logo\\\/image\\\/\",\"url\":\"https:\\\/\\\/roboter-bmv-essen.de\\\/wp-content\\\/uploads\\\/2019\\\/05\\\/cropped-robi-1-1.png\",\"contentUrl\":\"https:\\\/\\\/roboter-bmv-essen.de\\\/wp-content\\\/uploads\\\/2019\\\/05\\\/cropped-robi-1-1.png\",\"width\":267,\"height\":342,\"caption\":\"Roboter AG der BMV-Schule Essen\"},\"image\":{\"@id\":\"https:\\\/\\\/roboter-bmv-essen.de\\\/#\\\/schema\\\/logo\\\/image\\\/\"}}]}<\/script>\n<!-- \/ Yoast SEO plugin. -->","yoast_head_json":{"title":"RoboCup 2016 - Roboter AG","robots":{"index":"index","follow":"follow","max-snippet":"max-snippet:-1","max-image-preview":"max-image-preview:large","max-video-preview":"max-video-preview:-1"},"canonical":"https:\/\/roboter-bmv-essen.de\/?page_id=568","og_locale":"de_DE","og_type":"article","og_title":"RoboCup 2016 - Roboter AG","og_description":"Nach dem Sieg der AG beim ZDI im vorigen Jahr suchten die sechs Sch\u00fclerinnen der achten Klasse nach neuen Herausforderungen und wurden auf den RoboCup, einen internationalen Roboterwettbewerb, aufmerksam. F\u00fcr den Einstieg in diesen Wettbewerb orientierten sie sich an dem Film Rio. Sie bastelten B\u00e4ume, bemalten Holzplatten, an denen zum ersten Mal ein Arduino zum [&hellip;]","og_url":"https:\/\/roboter-bmv-essen.de\/?page_id=568","og_site_name":"Roboter AG","article_modified_time":"2020-04-23T19:10:25+00:00","og_image":[{"url":"https:\/\/roboter-bmv-essen.de\/wp-content\/uploads\/2020\/04\/Teamfoto-1-1024x681.jpg","type":"","width":"","height":""}],"twitter_card":"summary_large_image","twitter_misc":{"Gesch\u00e4tzte Lesezeit":"1\u00a0Minute"},"schema":{"@context":"https:\/\/schema.org","@graph":[{"@type":"WebPage","@id":"https:\/\/roboter-bmv-essen.de\/?page_id=568","url":"https:\/\/roboter-bmv-essen.de\/?page_id=568","name":"RoboCup 2016 - Roboter AG","isPartOf":{"@id":"https:\/\/roboter-bmv-essen.de\/#website"},"primaryImageOfPage":{"@id":"https:\/\/roboter-bmv-essen.de\/?page_id=568#primaryimage"},"image":{"@id":"https:\/\/roboter-bmv-essen.de\/?page_id=568#primaryimage"},"thumbnailUrl":"https:\/\/roboter-bmv-essen.de\/wp-content\/uploads\/2020\/04\/Teamfoto-1-1024x681.jpg","datePublished":"2020-04-23T18:10:02+00:00","dateModified":"2020-04-23T19:10:25+00:00","breadcrumb":{"@id":"https:\/\/roboter-bmv-essen.de\/?page_id=568#breadcrumb"},"inLanguage":"de","potentialAction":[{"@type":"ReadAction","target":["https:\/\/roboter-bmv-essen.de\/?page_id=568"]}]},{"@type":"ImageObject","inLanguage":"de","@id":"https:\/\/roboter-bmv-essen.de\/?page_id=568#primaryimage","url":"https:\/\/roboter-bmv-essen.de\/wp-content\/uploads\/2020\/04\/Teamfoto-1-1024x681.jpg","contentUrl":"https:\/\/roboter-bmv-essen.de\/wp-content\/uploads\/2020\/04\/Teamfoto-1-1024x681.jpg"},{"@type":"BreadcrumbList","@id":"https:\/\/roboter-bmv-essen.de\/?page_id=568#breadcrumb","itemListElement":[{"@type":"ListItem","position":1,"name":"Startseite","item":"https:\/\/roboter-bmv-essen.de\/"},{"@type":"ListItem","position":2,"name":"RoboCup 2016"}]},{"@type":"WebSite","@id":"https:\/\/roboter-bmv-essen.de\/#website","url":"https:\/\/roboter-bmv-essen.de\/","name":"Die Roboter AG","description":"Auf dem Weg nach Sydney","publisher":{"@id":"https:\/\/roboter-bmv-essen.de\/#organization"},"potentialAction":[{"@type":"SearchAction","target":{"@type":"EntryPoint","urlTemplate":"https:\/\/roboter-bmv-essen.de\/?s={search_term_string}"},"query-input":{"@type":"PropertyValueSpecification","valueRequired":true,"valueName":"search_term_string"}}],"inLanguage":"de"},{"@type":"Organization","@id":"https:\/\/roboter-bmv-essen.de\/#organization","name":"Roboter AG der BMV-Schule Essen","url":"https:\/\/roboter-bmv-essen.de\/","logo":{"@type":"ImageObject","inLanguage":"de","@id":"https:\/\/roboter-bmv-essen.de\/#\/schema\/logo\/image\/","url":"https:\/\/roboter-bmv-essen.de\/wp-content\/uploads\/2019\/05\/cropped-robi-1-1.png","contentUrl":"https:\/\/roboter-bmv-essen.de\/wp-content\/uploads\/2019\/05\/cropped-robi-1-1.png","width":267,"height":342,"caption":"Roboter AG der BMV-Schule Essen"},"image":{"@id":"https:\/\/roboter-bmv-essen.de\/#\/schema\/logo\/image\/"}}]}},"_links":{"self":[{"href":"https:\/\/roboter-bmv-essen.de\/index.php?rest_route=\/wp\/v2\/pages\/568","targetHints":{"allow":["GET"]}}],"collection":[{"href":"https:\/\/roboter-bmv-essen.de\/index.php?rest_route=\/wp\/v2\/pages"}],"about":[{"href":"https:\/\/roboter-bmv-essen.de\/index.php?rest_route=\/wp\/v2\/types\/page"}],"author":[{"embeddable":true,"href":"https:\/\/roboter-bmv-essen.de\/index.php?rest_route=\/wp\/v2\/users\/2"}],"replies":[{"embeddable":true,"href":"https:\/\/roboter-bmv-essen.de\/index.php?rest_route=%2Fwp%2Fv2%2Fcomments&post=568"}],"version-history":[{"count":0,"href":"https:\/\/roboter-bmv-essen.de\/index.php?rest_route=\/wp\/v2\/pages\/568\/revisions"}],"wp:attachment":[{"href":"https:\/\/roboter-bmv-essen.de\/index.php?rest_route=%2Fwp%2Fv2%2Fmedia&parent=568"}],"curies":[{"name":"wp","href":"https:\/\/api.w.org\/{rel}","templated":true}]}}