{"id":565,"date":"2020-04-23T18:16:06","date_gmt":"2020-04-23T18:16:06","guid":{"rendered":"https:\/\/roboter-bmv-essen.de\/?page_id=565"},"modified":"2020-04-23T18:16:06","modified_gmt":"2020-04-23T18:16:06","slug":"zdi-2013","status":"publish","type":"page","link":"https:\/\/roboter-bmv-essen.de\/?page_id=565","title":{"rendered":"ZDI 2013"},"content":{"rendered":"\n<p>Im Jahr 2013 nahm die neu gegr\u00fcndete Roboter AG erstmals an einem Wettbewerb teil. \u00dcber viele Wochen t\u00fcftelten die Sch\u00fclerinnen des Teams \u201eBlutorangen\u201c aus den Klassen 5 und 6 an ihrer Geisterbahn. Nach einer erfolgreichen Vorrunde in Bottrop, konnte das Team beim Finale des ZDI-Roboterwettbewerbs in M\u00fclheim den vierten Platz in der Kategorie Performance belegen.<\/p>\n","protected":false},"excerpt":{"rendered":"<p>Im Jahr 2013 nahm die neu gegr\u00fcndete Roboter AG erstmals an einem Wettbewerb teil. \u00dcber viele Wochen t\u00fcftelten die Sch\u00fclerinnen des Teams \u201eBlutorangen\u201c aus den Klassen 5 und 6 an ihrer Geisterbahn. Nach einer erfolgreichen Vorrunde in Bottrop, konnte das Team beim Finale des ZDI-Roboterwettbewerbs in M\u00fclheim den vierten Platz in der Kategorie Performance belegen.<\/p>\n","protected":false},"author":2,"featured_media":0,"parent":0,"menu_order":0,"comment_status":"closed","ping_status":"closed","template":"","meta":{"footnotes":""},"class_list":["post-565","page","type-page","status-publish","hentry"],"yoast_head":"<!-- This site is optimized with the Yoast SEO plugin v27.4 - https:\/\/yoast.com\/product\/yoast-seo-wordpress\/ -->\n<title>ZDI 2013 - Roboter AG<\/title>\n<meta name=\"robots\" content=\"index, follow, max-snippet:-1, max-image-preview:large, max-video-preview:-1\" \/>\n<link rel=\"canonical\" href=\"https:\/\/roboter-bmv-essen.de\/?page_id=565\" \/>\n<meta property=\"og:locale\" content=\"de_DE\" \/>\n<meta property=\"og:type\" content=\"article\" \/>\n<meta property=\"og:title\" content=\"ZDI 2013 - Roboter AG\" \/>\n<meta property=\"og:description\" content=\"Im Jahr 2013 nahm die neu gegr\u00fcndete Roboter AG erstmals an einem Wettbewerb teil. \u00dcber viele Wochen t\u00fcftelten die Sch\u00fclerinnen des Teams \u201eBlutorangen\u201c aus den Klassen 5 und 6 an ihrer Geisterbahn. Nach einer erfolgreichen Vorrunde in Bottrop, konnte das Team beim Finale des ZDI-Roboterwettbewerbs in M\u00fclheim den vierten Platz in der Kategorie Performance belegen.\" \/>\n<meta property=\"og:url\" content=\"https:\/\/roboter-bmv-essen.de\/?page_id=565\" \/>\n<meta property=\"og:site_name\" content=\"Roboter AG\" \/>\n<meta name=\"twitter:card\" content=\"summary_large_image\" \/>\n<script type=\"application\/ld+json\" class=\"yoast-schema-graph\">{\"@context\":\"https:\\\/\\\/schema.org\",\"@graph\":[{\"@type\":\"WebPage\",\"@id\":\"https:\\\/\\\/roboter-bmv-essen.de\\\/?page_id=565\",\"url\":\"https:\\\/\\\/roboter-bmv-essen.de\\\/?page_id=565\",\"name\":\"ZDI 2013 - Roboter AG\",\"isPartOf\":{\"@id\":\"https:\\\/\\\/roboter-bmv-essen.de\\\/#website\"},\"datePublished\":\"2020-04-23T18:16:06+00:00\",\"breadcrumb\":{\"@id\":\"https:\\\/\\\/roboter-bmv-essen.de\\\/?page_id=565#breadcrumb\"},\"inLanguage\":\"de\",\"potentialAction\":[{\"@type\":\"ReadAction\",\"target\":[\"https:\\\/\\\/roboter-bmv-essen.de\\\/?page_id=565\"]}]},{\"@type\":\"BreadcrumbList\",\"@id\":\"https:\\\/\\\/roboter-bmv-essen.de\\\/?page_id=565#breadcrumb\",\"itemListElement\":[{\"@type\":\"ListItem\",\"position\":1,\"name\":\"Startseite\",\"item\":\"https:\\\/\\\/roboter-bmv-essen.de\\\/\"},{\"@type\":\"ListItem\",\"position\":2,\"name\":\"ZDI 2013\"}]},{\"@type\":\"WebSite\",\"@id\":\"https:\\\/\\\/roboter-bmv-essen.de\\\/#website\",\"url\":\"https:\\\/\\\/roboter-bmv-essen.de\\\/\",\"name\":\"Die Roboter AG\",\"description\":\"Auf dem Weg nach Sydney\",\"publisher\":{\"@id\":\"https:\\\/\\\/roboter-bmv-essen.de\\\/#organization\"},\"potentialAction\":[{\"@type\":\"SearchAction\",\"target\":{\"@type\":\"EntryPoint\",\"urlTemplate\":\"https:\\\/\\\/roboter-bmv-essen.de\\\/?s={search_term_string}\"},\"query-input\":{\"@type\":\"PropertyValueSpecification\",\"valueRequired\":true,\"valueName\":\"search_term_string\"}}],\"inLanguage\":\"de\"},{\"@type\":\"Organization\",\"@id\":\"https:\\\/\\\/roboter-bmv-essen.de\\\/#organization\",\"name\":\"Roboter AG der BMV-Schule Essen\",\"url\":\"https:\\\/\\\/roboter-bmv-essen.de\\\/\",\"logo\":{\"@type\":\"ImageObject\",\"inLanguage\":\"de\",\"@id\":\"https:\\\/\\\/roboter-bmv-essen.de\\\/#\\\/schema\\\/logo\\\/image\\\/\",\"url\":\"https:\\\/\\\/roboter-bmv-essen.de\\\/wp-content\\\/uploads\\\/2019\\\/05\\\/cropped-robi-1-1.png\",\"contentUrl\":\"https:\\\/\\\/roboter-bmv-essen.de\\\/wp-content\\\/uploads\\\/2019\\\/05\\\/cropped-robi-1-1.png\",\"width\":267,\"height\":342,\"caption\":\"Roboter AG der BMV-Schule Essen\"},\"image\":{\"@id\":\"https:\\\/\\\/roboter-bmv-essen.de\\\/#\\\/schema\\\/logo\\\/image\\\/\"}}]}<\/script>\n<!-- \/ Yoast SEO plugin. -->","yoast_head_json":{"title":"ZDI 2013 - Roboter AG","robots":{"index":"index","follow":"follow","max-snippet":"max-snippet:-1","max-image-preview":"max-image-preview:large","max-video-preview":"max-video-preview:-1"},"canonical":"https:\/\/roboter-bmv-essen.de\/?page_id=565","og_locale":"de_DE","og_type":"article","og_title":"ZDI 2013 - Roboter AG","og_description":"Im Jahr 2013 nahm die neu gegr\u00fcndete Roboter AG erstmals an einem Wettbewerb teil. \u00dcber viele Wochen t\u00fcftelten die Sch\u00fclerinnen des Teams \u201eBlutorangen\u201c aus den Klassen 5 und 6 an ihrer Geisterbahn. Nach einer erfolgreichen Vorrunde in Bottrop, konnte das Team beim Finale des ZDI-Roboterwettbewerbs in M\u00fclheim den vierten Platz in der Kategorie Performance belegen.","og_url":"https:\/\/roboter-bmv-essen.de\/?page_id=565","og_site_name":"Roboter AG","twitter_card":"summary_large_image","schema":{"@context":"https:\/\/schema.org","@graph":[{"@type":"WebPage","@id":"https:\/\/roboter-bmv-essen.de\/?page_id=565","url":"https:\/\/roboter-bmv-essen.de\/?page_id=565","name":"ZDI 2013 - Roboter AG","isPartOf":{"@id":"https:\/\/roboter-bmv-essen.de\/#website"},"datePublished":"2020-04-23T18:16:06+00:00","breadcrumb":{"@id":"https:\/\/roboter-bmv-essen.de\/?page_id=565#breadcrumb"},"inLanguage":"de","potentialAction":[{"@type":"ReadAction","target":["https:\/\/roboter-bmv-essen.de\/?page_id=565"]}]},{"@type":"BreadcrumbList","@id":"https:\/\/roboter-bmv-essen.de\/?page_id=565#breadcrumb","itemListElement":[{"@type":"ListItem","position":1,"name":"Startseite","item":"https:\/\/roboter-bmv-essen.de\/"},{"@type":"ListItem","position":2,"name":"ZDI 2013"}]},{"@type":"WebSite","@id":"https:\/\/roboter-bmv-essen.de\/#website","url":"https:\/\/roboter-bmv-essen.de\/","name":"Die Roboter AG","description":"Auf dem Weg nach Sydney","publisher":{"@id":"https:\/\/roboter-bmv-essen.de\/#organization"},"potentialAction":[{"@type":"SearchAction","target":{"@type":"EntryPoint","urlTemplate":"https:\/\/roboter-bmv-essen.de\/?s={search_term_string}"},"query-input":{"@type":"PropertyValueSpecification","valueRequired":true,"valueName":"search_term_string"}}],"inLanguage":"de"},{"@type":"Organization","@id":"https:\/\/roboter-bmv-essen.de\/#organization","name":"Roboter AG der BMV-Schule Essen","url":"https:\/\/roboter-bmv-essen.de\/","logo":{"@type":"ImageObject","inLanguage":"de","@id":"https:\/\/roboter-bmv-essen.de\/#\/schema\/logo\/image\/","url":"https:\/\/roboter-bmv-essen.de\/wp-content\/uploads\/2019\/05\/cropped-robi-1-1.png","contentUrl":"https:\/\/roboter-bmv-essen.de\/wp-content\/uploads\/2019\/05\/cropped-robi-1-1.png","width":267,"height":342,"caption":"Roboter AG der BMV-Schule Essen"},"image":{"@id":"https:\/\/roboter-bmv-essen.de\/#\/schema\/logo\/image\/"}}]}},"_links":{"self":[{"href":"https:\/\/roboter-bmv-essen.de\/index.php?rest_route=\/wp\/v2\/pages\/565","targetHints":{"allow":["GET"]}}],"collection":[{"href":"https:\/\/roboter-bmv-essen.de\/index.php?rest_route=\/wp\/v2\/pages"}],"about":[{"href":"https:\/\/roboter-bmv-essen.de\/index.php?rest_route=\/wp\/v2\/types\/page"}],"author":[{"embeddable":true,"href":"https:\/\/roboter-bmv-essen.de\/index.php?rest_route=\/wp\/v2\/users\/2"}],"replies":[{"embeddable":true,"href":"https:\/\/roboter-bmv-essen.de\/index.php?rest_route=%2Fwp%2Fv2%2Fcomments&post=565"}],"version-history":[{"count":0,"href":"https:\/\/roboter-bmv-essen.de\/index.php?rest_route=\/wp\/v2\/pages\/565\/revisions"}],"wp:attachment":[{"href":"https:\/\/roboter-bmv-essen.de\/index.php?rest_route=%2Fwp%2Fv2%2Fmedia&parent=565"}],"curies":[{"name":"wp","href":"https:\/\/api.w.org\/{rel}","templated":true}]}}