{"id":557,"date":"2020-04-20T14:18:22","date_gmt":"2020-04-20T14:18:22","guid":{"rendered":"https:\/\/roboter-bmv-essen.de\/?page_id=557"},"modified":"2020-08-08T21:20:47","modified_gmt":"2020-08-08T21:20:47","slug":"robocup-2018","status":"publish","type":"page","link":"https:\/\/roboter-bmv-essen.de\/?page_id=557","title":{"rendered":"RoboCup 2018"},"content":{"rendered":"\n<figure class=\"wp-block-gallery columns-1 is-cropped wp-block-gallery-1 is-layout-flex wp-block-gallery-is-layout-flex\"><ul class=\"blocks-gallery-grid\"><li class=\"blocks-gallery-item\"><figure><img decoding=\"async\" src=\"https:\/\/roboter-bmv-essen.de\/wp-content\/uploads\/2020\/08\/Teamfotos-M\u00e4dels-1024x683.jpg\" alt=\"\" data-id=\"651\" data-full-url=\"https:\/\/roboter-bmv-essen.de\/wp-content\/uploads\/2020\/08\/Teamfotos-M\u00e4dels-scaled.jpg\" data-link=\"https:\/\/roboter-bmv-essen.de\/?attachment_id=651\" class=\"wp-image-651\"\/><\/figure><\/li><\/ul><\/figure>\n\n\n\n<p class=\"has-text-align-left\">Im Jahr 2018 begaben sich die \u201eWarner Sisters\u201c in ihrer Performance an ein Filmset. Die drei M\u00e4dchen aus der zehnten Klasse bauten und programmierten verschiedene Roboter, die an einem Filmset unerl\u00e4sslich sind: Einen Regieassistenten, der dem Regisseur zur Hand geht; einen Schauspieler; eine Kamera; ein B\u00fchnenbild; einen Telefonassistenten, durch den der Regisseur telefonisch immer erreichbar ist und einen Pizzavogel, damit der Regisseur nicht verhungert. Auch ein S\u00fc\u00dfigkeiten-Automat wurde eigens f\u00fcr den Wettbewerb konzipiert.                                              \u00a0\u00a0\u00a0                                                 <\/p>\n\n\n\n<p>  <\/p>\n\n\n\n<figure class=\"wp-block-gallery columns-3 is-cropped wp-block-gallery-2 is-layout-flex wp-block-gallery-is-layout-flex\"><ul class=\"blocks-gallery-grid\"><li class=\"blocks-gallery-item\"><figure><img decoding=\"async\" src=\"https:\/\/roboter-bmv-essen.de\/wp-content\/uploads\/2020\/08\/Roboter_Automat-612x1024.jpg\" alt=\"\" data-id=\"652\" data-full-url=\"https:\/\/roboter-bmv-essen.de\/wp-content\/uploads\/2020\/08\/Roboter_Automat-scaled.jpg\" data-link=\"https:\/\/roboter-bmv-essen.de\/?attachment_id=652\" class=\"wp-image-652\"\/><\/figure><\/li><li class=\"blocks-gallery-item\"><figure><img loading=\"lazy\" decoding=\"async\" width=\"612\" height=\"1024\" src=\"https:\/\/roboter-bmv-essen.de\/wp-content\/uploads\/2020\/08\/Roboter_Schrotti-612x1024.jpg\" alt=\"\" data-id=\"653\" data-full-url=\"https:\/\/roboter-bmv-essen.de\/wp-content\/uploads\/2020\/08\/Roboter_Schrotti.jpg\" data-link=\"https:\/\/roboter-bmv-essen.de\/?attachment_id=653\" class=\"wp-image-653\" srcset=\"https:\/\/roboter-bmv-essen.de\/wp-content\/uploads\/2020\/08\/Roboter_Schrotti-612x1024.jpg 612w, https:\/\/roboter-bmv-essen.de\/wp-content\/uploads\/2020\/08\/Roboter_Schrotti-179x300.jpg 179w, https:\/\/roboter-bmv-essen.de\/wp-content\/uploads\/2020\/08\/Roboter_Schrotti.jpg 765w\" sizes=\"auto, (max-width: 612px) 100vw, 612px\" \/><\/figure><\/li><li class=\"blocks-gallery-item\"><figure><img decoding=\"async\" src=\"https:\/\/roboter-bmv-essen.de\/wp-content\/uploads\/2020\/08\/Roboter_SchrottiAutomat-612x1024.jpg\" alt=\"\" data-id=\"654\" data-full-url=\"https:\/\/roboter-bmv-essen.de\/wp-content\/uploads\/2020\/08\/Roboter_SchrottiAutomat-scaled.jpg\" data-link=\"https:\/\/roboter-bmv-essen.de\/?attachment_id=654\" class=\"wp-image-654\"\/><\/figure><\/li><\/ul><\/figure>\n\n\n\n<p>In der Vorrunde in Hannover belegten die \u201eWarner Sisters\u201c den zweiten Platz und qualifizierten sich somit f\u00fcr die deutsche Meisterschaft. In Magdeburg erreichten die M\u00e4dchen der BMV den dritten Platz und erhielten f\u00fcr den Einsatz vieler verschiedener Techniken einen Sonderpreis. &nbsp;<\/p>\n","protected":false},"excerpt":{"rendered":"<p>Im Jahr 2018 begaben sich die \u201eWarner Sisters\u201c in ihrer Performance an ein Filmset. Die drei M\u00e4dchen aus der zehnten Klasse bauten und programmierten verschiedene Roboter, die an einem Filmset unerl\u00e4sslich sind: Einen Regieassistenten, der dem Regisseur zur Hand geht; einen Schauspieler; eine Kamera; ein B\u00fchnenbild; einen Telefonassistenten, durch den der Regisseur telefonisch immer erreichbar [&hellip;]<\/p>\n","protected":false},"author":2,"featured_media":0,"parent":0,"menu_order":0,"comment_status":"closed","ping_status":"closed","template":"","meta":{"footnotes":""},"class_list":["post-557","page","type-page","status-publish","hentry"],"yoast_head":"<!-- This site is optimized with the Yoast SEO plugin v27.4 - https:\/\/yoast.com\/product\/yoast-seo-wordpress\/ -->\n<title>RoboCup 2018 - Roboter AG<\/title>\n<meta name=\"robots\" content=\"index, follow, max-snippet:-1, max-image-preview:large, max-video-preview:-1\" \/>\n<link rel=\"canonical\" href=\"https:\/\/roboter-bmv-essen.de\/?page_id=557\" \/>\n<meta property=\"og:locale\" content=\"de_DE\" \/>\n<meta property=\"og:type\" content=\"article\" \/>\n<meta property=\"og:title\" content=\"RoboCup 2018 - Roboter AG\" \/>\n<meta property=\"og:description\" content=\"Im Jahr 2018 begaben sich die \u201eWarner Sisters\u201c in ihrer Performance an ein Filmset. Die drei M\u00e4dchen aus der zehnten Klasse bauten und programmierten verschiedene Roboter, die an einem Filmset unerl\u00e4sslich sind: Einen Regieassistenten, der dem Regisseur zur Hand geht; einen Schauspieler; eine Kamera; ein B\u00fchnenbild; einen Telefonassistenten, durch den der Regisseur telefonisch immer erreichbar [&hellip;]\" \/>\n<meta property=\"og:url\" content=\"https:\/\/roboter-bmv-essen.de\/?page_id=557\" \/>\n<meta property=\"og:site_name\" content=\"Roboter AG\" \/>\n<meta property=\"article:modified_time\" content=\"2020-08-08T21:20:47+00:00\" \/>\n<meta property=\"og:image\" content=\"https:\/\/roboter-bmv-essen.de\/wp-content\/uploads\/2020\/08\/Roboter_Automat-612x1024.jpg\" \/>\n<meta name=\"twitter:card\" content=\"summary_large_image\" \/>\n<meta name=\"twitter:label1\" content=\"Gesch\u00e4tzte Lesezeit\" \/>\n\t<meta name=\"twitter:data1\" content=\"1\u00a0Minute\" \/>\n<script type=\"application\/ld+json\" class=\"yoast-schema-graph\">{\"@context\":\"https:\\\/\\\/schema.org\",\"@graph\":[{\"@type\":\"WebPage\",\"@id\":\"https:\\\/\\\/roboter-bmv-essen.de\\\/?page_id=557\",\"url\":\"https:\\\/\\\/roboter-bmv-essen.de\\\/?page_id=557\",\"name\":\"RoboCup 2018 - Roboter AG\",\"isPartOf\":{\"@id\":\"https:\\\/\\\/roboter-bmv-essen.de\\\/#website\"},\"primaryImageOfPage\":{\"@id\":\"https:\\\/\\\/roboter-bmv-essen.de\\\/?page_id=557#primaryimage\"},\"image\":{\"@id\":\"https:\\\/\\\/roboter-bmv-essen.de\\\/?page_id=557#primaryimage\"},\"thumbnailUrl\":\"https:\\\/\\\/roboter-bmv-essen.de\\\/wp-content\\\/uploads\\\/2020\\\/08\\\/Roboter_Automat-612x1024.jpg\",\"datePublished\":\"2020-04-20T14:18:22+00:00\",\"dateModified\":\"2020-08-08T21:20:47+00:00\",\"breadcrumb\":{\"@id\":\"https:\\\/\\\/roboter-bmv-essen.de\\\/?page_id=557#breadcrumb\"},\"inLanguage\":\"de\",\"potentialAction\":[{\"@type\":\"ReadAction\",\"target\":[\"https:\\\/\\\/roboter-bmv-essen.de\\\/?page_id=557\"]}]},{\"@type\":\"ImageObject\",\"inLanguage\":\"de\",\"@id\":\"https:\\\/\\\/roboter-bmv-essen.de\\\/?page_id=557#primaryimage\",\"url\":\"https:\\\/\\\/roboter-bmv-essen.de\\\/wp-content\\\/uploads\\\/2020\\\/08\\\/Roboter_Automat-612x1024.jpg\",\"contentUrl\":\"https:\\\/\\\/roboter-bmv-essen.de\\\/wp-content\\\/uploads\\\/2020\\\/08\\\/Roboter_Automat-612x1024.jpg\"},{\"@type\":\"BreadcrumbList\",\"@id\":\"https:\\\/\\\/roboter-bmv-essen.de\\\/?page_id=557#breadcrumb\",\"itemListElement\":[{\"@type\":\"ListItem\",\"position\":1,\"name\":\"Startseite\",\"item\":\"https:\\\/\\\/roboter-bmv-essen.de\\\/\"},{\"@type\":\"ListItem\",\"position\":2,\"name\":\"RoboCup 2018\"}]},{\"@type\":\"WebSite\",\"@id\":\"https:\\\/\\\/roboter-bmv-essen.de\\\/#website\",\"url\":\"https:\\\/\\\/roboter-bmv-essen.de\\\/\",\"name\":\"Die Roboter AG\",\"description\":\"Auf dem Weg nach Sydney\",\"publisher\":{\"@id\":\"https:\\\/\\\/roboter-bmv-essen.de\\\/#organization\"},\"potentialAction\":[{\"@type\":\"SearchAction\",\"target\":{\"@type\":\"EntryPoint\",\"urlTemplate\":\"https:\\\/\\\/roboter-bmv-essen.de\\\/?s={search_term_string}\"},\"query-input\":{\"@type\":\"PropertyValueSpecification\",\"valueRequired\":true,\"valueName\":\"search_term_string\"}}],\"inLanguage\":\"de\"},{\"@type\":\"Organization\",\"@id\":\"https:\\\/\\\/roboter-bmv-essen.de\\\/#organization\",\"name\":\"Roboter AG der BMV-Schule Essen\",\"url\":\"https:\\\/\\\/roboter-bmv-essen.de\\\/\",\"logo\":{\"@type\":\"ImageObject\",\"inLanguage\":\"de\",\"@id\":\"https:\\\/\\\/roboter-bmv-essen.de\\\/#\\\/schema\\\/logo\\\/image\\\/\",\"url\":\"https:\\\/\\\/roboter-bmv-essen.de\\\/wp-content\\\/uploads\\\/2019\\\/05\\\/cropped-robi-1-1.png\",\"contentUrl\":\"https:\\\/\\\/roboter-bmv-essen.de\\\/wp-content\\\/uploads\\\/2019\\\/05\\\/cropped-robi-1-1.png\",\"width\":267,\"height\":342,\"caption\":\"Roboter AG der BMV-Schule Essen\"},\"image\":{\"@id\":\"https:\\\/\\\/roboter-bmv-essen.de\\\/#\\\/schema\\\/logo\\\/image\\\/\"}}]}<\/script>\n<!-- \/ Yoast SEO plugin. -->","yoast_head_json":{"title":"RoboCup 2018 - Roboter AG","robots":{"index":"index","follow":"follow","max-snippet":"max-snippet:-1","max-image-preview":"max-image-preview:large","max-video-preview":"max-video-preview:-1"},"canonical":"https:\/\/roboter-bmv-essen.de\/?page_id=557","og_locale":"de_DE","og_type":"article","og_title":"RoboCup 2018 - Roboter AG","og_description":"Im Jahr 2018 begaben sich die \u201eWarner Sisters\u201c in ihrer Performance an ein Filmset. Die drei M\u00e4dchen aus der zehnten Klasse bauten und programmierten verschiedene Roboter, die an einem Filmset unerl\u00e4sslich sind: Einen Regieassistenten, der dem Regisseur zur Hand geht; einen Schauspieler; eine Kamera; ein B\u00fchnenbild; einen Telefonassistenten, durch den der Regisseur telefonisch immer erreichbar [&hellip;]","og_url":"https:\/\/roboter-bmv-essen.de\/?page_id=557","og_site_name":"Roboter AG","article_modified_time":"2020-08-08T21:20:47+00:00","og_image":[{"url":"https:\/\/roboter-bmv-essen.de\/wp-content\/uploads\/2020\/08\/Roboter_Automat-612x1024.jpg","type":"","width":"","height":""}],"twitter_card":"summary_large_image","twitter_misc":{"Gesch\u00e4tzte Lesezeit":"1\u00a0Minute"},"schema":{"@context":"https:\/\/schema.org","@graph":[{"@type":"WebPage","@id":"https:\/\/roboter-bmv-essen.de\/?page_id=557","url":"https:\/\/roboter-bmv-essen.de\/?page_id=557","name":"RoboCup 2018 - Roboter AG","isPartOf":{"@id":"https:\/\/roboter-bmv-essen.de\/#website"},"primaryImageOfPage":{"@id":"https:\/\/roboter-bmv-essen.de\/?page_id=557#primaryimage"},"image":{"@id":"https:\/\/roboter-bmv-essen.de\/?page_id=557#primaryimage"},"thumbnailUrl":"https:\/\/roboter-bmv-essen.de\/wp-content\/uploads\/2020\/08\/Roboter_Automat-612x1024.jpg","datePublished":"2020-04-20T14:18:22+00:00","dateModified":"2020-08-08T21:20:47+00:00","breadcrumb":{"@id":"https:\/\/roboter-bmv-essen.de\/?page_id=557#breadcrumb"},"inLanguage":"de","potentialAction":[{"@type":"ReadAction","target":["https:\/\/roboter-bmv-essen.de\/?page_id=557"]}]},{"@type":"ImageObject","inLanguage":"de","@id":"https:\/\/roboter-bmv-essen.de\/?page_id=557#primaryimage","url":"https:\/\/roboter-bmv-essen.de\/wp-content\/uploads\/2020\/08\/Roboter_Automat-612x1024.jpg","contentUrl":"https:\/\/roboter-bmv-essen.de\/wp-content\/uploads\/2020\/08\/Roboter_Automat-612x1024.jpg"},{"@type":"BreadcrumbList","@id":"https:\/\/roboter-bmv-essen.de\/?page_id=557#breadcrumb","itemListElement":[{"@type":"ListItem","position":1,"name":"Startseite","item":"https:\/\/roboter-bmv-essen.de\/"},{"@type":"ListItem","position":2,"name":"RoboCup 2018"}]},{"@type":"WebSite","@id":"https:\/\/roboter-bmv-essen.de\/#website","url":"https:\/\/roboter-bmv-essen.de\/","name":"Die Roboter AG","description":"Auf dem Weg nach Sydney","publisher":{"@id":"https:\/\/roboter-bmv-essen.de\/#organization"},"potentialAction":[{"@type":"SearchAction","target":{"@type":"EntryPoint","urlTemplate":"https:\/\/roboter-bmv-essen.de\/?s={search_term_string}"},"query-input":{"@type":"PropertyValueSpecification","valueRequired":true,"valueName":"search_term_string"}}],"inLanguage":"de"},{"@type":"Organization","@id":"https:\/\/roboter-bmv-essen.de\/#organization","name":"Roboter AG der BMV-Schule Essen","url":"https:\/\/roboter-bmv-essen.de\/","logo":{"@type":"ImageObject","inLanguage":"de","@id":"https:\/\/roboter-bmv-essen.de\/#\/schema\/logo\/image\/","url":"https:\/\/roboter-bmv-essen.de\/wp-content\/uploads\/2019\/05\/cropped-robi-1-1.png","contentUrl":"https:\/\/roboter-bmv-essen.de\/wp-content\/uploads\/2019\/05\/cropped-robi-1-1.png","width":267,"height":342,"caption":"Roboter AG der BMV-Schule Essen"},"image":{"@id":"https:\/\/roboter-bmv-essen.de\/#\/schema\/logo\/image\/"}}]}},"_links":{"self":[{"href":"https:\/\/roboter-bmv-essen.de\/index.php?rest_route=\/wp\/v2\/pages\/557","targetHints":{"allow":["GET"]}}],"collection":[{"href":"https:\/\/roboter-bmv-essen.de\/index.php?rest_route=\/wp\/v2\/pages"}],"about":[{"href":"https:\/\/roboter-bmv-essen.de\/index.php?rest_route=\/wp\/v2\/types\/page"}],"author":[{"embeddable":true,"href":"https:\/\/roboter-bmv-essen.de\/index.php?rest_route=\/wp\/v2\/users\/2"}],"replies":[{"embeddable":true,"href":"https:\/\/roboter-bmv-essen.de\/index.php?rest_route=%2Fwp%2Fv2%2Fcomments&post=557"}],"version-history":[{"count":0,"href":"https:\/\/roboter-bmv-essen.de\/index.php?rest_route=\/wp\/v2\/pages\/557\/revisions"}],"wp:attachment":[{"href":"https:\/\/roboter-bmv-essen.de\/index.php?rest_route=%2Fwp%2Fv2%2Fmedia&parent=557"}],"curies":[{"name":"wp","href":"https:\/\/api.w.org\/{rel}","templated":true}]}}