{"id":534,"date":"2020-03-06T19:46:44","date_gmt":"2020-03-06T19:46:44","guid":{"rendered":"https:\/\/roboter-bmv-essen.de\/?page_id=534"},"modified":"2021-10-08T07:35:40","modified_gmt":"2021-10-08T07:35:40","slug":"minirobots","status":"publish","type":"page","link":"https:\/\/roboter-bmv-essen.de\/?page_id=534","title":{"rendered":"MiniRobots"},"content":{"rendered":"\n<figure class=\"wp-block-image size-large\"><img decoding=\"async\" src=\"https:\/\/roboter-bmv-essen.de\/wp-content\/uploads\/2020\/03\/IMG_3719-Kopie-1024x682.png\" alt=\"\" class=\"wp-image-525\"\/><\/figure>\n\n\n\n<p>In diesem Jahr haben sich Sch\u00fclerinnen und Sch\u00fcler aus der achten und der zw\u00f6lften Klasse als Team zusammen getan. F\u00fcr die Sch\u00fcler*innen der achten Klasse war es die erste Teilnahme am RoboCup.  Das Team &#8222;MiniRobots&#8220; hat bei der Vorrunde in Hannover den zweiten Platz belegt und sich damit f\u00fcr die Deutsche Meisterschaft in Magdeburg qualifiziert. Aufgrund der Corona-Pandemie konnte die Deutsche Meisterschaft leider nicht ausgetragen werden.<\/p>\n","protected":false},"excerpt":{"rendered":"<p>In diesem Jahr haben sich Sch\u00fclerinnen und Sch\u00fcler aus der achten und der zw\u00f6lften Klasse als Team zusammen getan. F\u00fcr die Sch\u00fcler*innen der achten Klasse war es die erste Teilnahme am RoboCup. Das Team &#8222;MiniRobots&#8220; hat bei der Vorrunde in Hannover den zweiten Platz belegt und sich damit f\u00fcr die Deutsche Meisterschaft in Magdeburg qualifiziert. [&hellip;]<\/p>\n","protected":false},"author":2,"featured_media":0,"parent":0,"menu_order":0,"comment_status":"closed","ping_status":"closed","template":"","meta":{"footnotes":""},"class_list":["post-534","page","type-page","status-publish","hentry"],"yoast_head":"<!-- This site is optimized with the Yoast SEO plugin v27.4 - https:\/\/yoast.com\/product\/yoast-seo-wordpress\/ -->\n<title>MiniRobots - Roboter AG<\/title>\n<meta name=\"robots\" content=\"index, follow, max-snippet:-1, max-image-preview:large, max-video-preview:-1\" \/>\n<link rel=\"canonical\" href=\"https:\/\/roboter-bmv-essen.de\/?page_id=534\" \/>\n<meta property=\"og:locale\" content=\"de_DE\" \/>\n<meta property=\"og:type\" content=\"article\" \/>\n<meta property=\"og:title\" content=\"MiniRobots - Roboter AG\" \/>\n<meta property=\"og:description\" content=\"In diesem Jahr haben sich Sch\u00fclerinnen und Sch\u00fcler aus der achten und der zw\u00f6lften Klasse als Team zusammen getan. F\u00fcr die Sch\u00fcler*innen der achten Klasse war es die erste Teilnahme am RoboCup. Das Team &#8222;MiniRobots&#8220; hat bei der Vorrunde in Hannover den zweiten Platz belegt und sich damit f\u00fcr die Deutsche Meisterschaft in Magdeburg qualifiziert. [&hellip;]\" \/>\n<meta property=\"og:url\" content=\"https:\/\/roboter-bmv-essen.de\/?page_id=534\" \/>\n<meta property=\"og:site_name\" content=\"Roboter AG\" \/>\n<meta property=\"article:modified_time\" content=\"2021-10-08T07:35:40+00:00\" \/>\n<meta property=\"og:image\" content=\"https:\/\/roboter-bmv-essen.de\/wp-content\/uploads\/2020\/03\/IMG_3719-Kopie-1024x682.png\" \/>\n<meta name=\"twitter:card\" content=\"summary_large_image\" \/>\n<meta name=\"twitter:label1\" content=\"Gesch\u00e4tzte Lesezeit\" \/>\n\t<meta name=\"twitter:data1\" content=\"1\u00a0Minute\" \/>\n<script type=\"application\/ld+json\" class=\"yoast-schema-graph\">{\"@context\":\"https:\\\/\\\/schema.org\",\"@graph\":[{\"@type\":\"WebPage\",\"@id\":\"https:\\\/\\\/roboter-bmv-essen.de\\\/?page_id=534\",\"url\":\"https:\\\/\\\/roboter-bmv-essen.de\\\/?page_id=534\",\"name\":\"MiniRobots - Roboter AG\",\"isPartOf\":{\"@id\":\"https:\\\/\\\/roboter-bmv-essen.de\\\/#website\"},\"primaryImageOfPage\":{\"@id\":\"https:\\\/\\\/roboter-bmv-essen.de\\\/?page_id=534#primaryimage\"},\"image\":{\"@id\":\"https:\\\/\\\/roboter-bmv-essen.de\\\/?page_id=534#primaryimage\"},\"thumbnailUrl\":\"https:\\\/\\\/roboter-bmv-essen.de\\\/wp-content\\\/uploads\\\/2020\\\/03\\\/IMG_3719-Kopie-1024x682.png\",\"datePublished\":\"2020-03-06T19:46:44+00:00\",\"dateModified\":\"2021-10-08T07:35:40+00:00\",\"breadcrumb\":{\"@id\":\"https:\\\/\\\/roboter-bmv-essen.de\\\/?page_id=534#breadcrumb\"},\"inLanguage\":\"de\",\"potentialAction\":[{\"@type\":\"ReadAction\",\"target\":[\"https:\\\/\\\/roboter-bmv-essen.de\\\/?page_id=534\"]}]},{\"@type\":\"ImageObject\",\"inLanguage\":\"de\",\"@id\":\"https:\\\/\\\/roboter-bmv-essen.de\\\/?page_id=534#primaryimage\",\"url\":\"https:\\\/\\\/roboter-bmv-essen.de\\\/wp-content\\\/uploads\\\/2020\\\/03\\\/IMG_3719-Kopie-e1718797418186.png\",\"contentUrl\":\"https:\\\/\\\/roboter-bmv-essen.de\\\/wp-content\\\/uploads\\\/2020\\\/03\\\/IMG_3719-Kopie-e1718797418186.png\",\"width\":600,\"height\":400},{\"@type\":\"BreadcrumbList\",\"@id\":\"https:\\\/\\\/roboter-bmv-essen.de\\\/?page_id=534#breadcrumb\",\"itemListElement\":[{\"@type\":\"ListItem\",\"position\":1,\"name\":\"Startseite\",\"item\":\"https:\\\/\\\/roboter-bmv-essen.de\\\/\"},{\"@type\":\"ListItem\",\"position\":2,\"name\":\"MiniRobots\"}]},{\"@type\":\"WebSite\",\"@id\":\"https:\\\/\\\/roboter-bmv-essen.de\\\/#website\",\"url\":\"https:\\\/\\\/roboter-bmv-essen.de\\\/\",\"name\":\"Die Roboter AG\",\"description\":\"Auf dem Weg nach Sydney\",\"publisher\":{\"@id\":\"https:\\\/\\\/roboter-bmv-essen.de\\\/#organization\"},\"potentialAction\":[{\"@type\":\"SearchAction\",\"target\":{\"@type\":\"EntryPoint\",\"urlTemplate\":\"https:\\\/\\\/roboter-bmv-essen.de\\\/?s={search_term_string}\"},\"query-input\":{\"@type\":\"PropertyValueSpecification\",\"valueRequired\":true,\"valueName\":\"search_term_string\"}}],\"inLanguage\":\"de\"},{\"@type\":\"Organization\",\"@id\":\"https:\\\/\\\/roboter-bmv-essen.de\\\/#organization\",\"name\":\"Roboter AG der BMV-Schule Essen\",\"url\":\"https:\\\/\\\/roboter-bmv-essen.de\\\/\",\"logo\":{\"@type\":\"ImageObject\",\"inLanguage\":\"de\",\"@id\":\"https:\\\/\\\/roboter-bmv-essen.de\\\/#\\\/schema\\\/logo\\\/image\\\/\",\"url\":\"https:\\\/\\\/roboter-bmv-essen.de\\\/wp-content\\\/uploads\\\/2019\\\/05\\\/cropped-robi-1-1.png\",\"contentUrl\":\"https:\\\/\\\/roboter-bmv-essen.de\\\/wp-content\\\/uploads\\\/2019\\\/05\\\/cropped-robi-1-1.png\",\"width\":267,\"height\":342,\"caption\":\"Roboter AG der BMV-Schule Essen\"},\"image\":{\"@id\":\"https:\\\/\\\/roboter-bmv-essen.de\\\/#\\\/schema\\\/logo\\\/image\\\/\"}}]}<\/script>\n<!-- \/ Yoast SEO plugin. -->","yoast_head_json":{"title":"MiniRobots - Roboter AG","robots":{"index":"index","follow":"follow","max-snippet":"max-snippet:-1","max-image-preview":"max-image-preview:large","max-video-preview":"max-video-preview:-1"},"canonical":"https:\/\/roboter-bmv-essen.de\/?page_id=534","og_locale":"de_DE","og_type":"article","og_title":"MiniRobots - Roboter AG","og_description":"In diesem Jahr haben sich Sch\u00fclerinnen und Sch\u00fcler aus der achten und der zw\u00f6lften Klasse als Team zusammen getan. F\u00fcr die Sch\u00fcler*innen der achten Klasse war es die erste Teilnahme am RoboCup. Das Team &#8222;MiniRobots&#8220; hat bei der Vorrunde in Hannover den zweiten Platz belegt und sich damit f\u00fcr die Deutsche Meisterschaft in Magdeburg qualifiziert. [&hellip;]","og_url":"https:\/\/roboter-bmv-essen.de\/?page_id=534","og_site_name":"Roboter AG","article_modified_time":"2021-10-08T07:35:40+00:00","og_image":[{"url":"https:\/\/roboter-bmv-essen.de\/wp-content\/uploads\/2020\/03\/IMG_3719-Kopie-1024x682.png","type":"","width":"","height":""}],"twitter_card":"summary_large_image","twitter_misc":{"Gesch\u00e4tzte Lesezeit":"1\u00a0Minute"},"schema":{"@context":"https:\/\/schema.org","@graph":[{"@type":"WebPage","@id":"https:\/\/roboter-bmv-essen.de\/?page_id=534","url":"https:\/\/roboter-bmv-essen.de\/?page_id=534","name":"MiniRobots - Roboter AG","isPartOf":{"@id":"https:\/\/roboter-bmv-essen.de\/#website"},"primaryImageOfPage":{"@id":"https:\/\/roboter-bmv-essen.de\/?page_id=534#primaryimage"},"image":{"@id":"https:\/\/roboter-bmv-essen.de\/?page_id=534#primaryimage"},"thumbnailUrl":"https:\/\/roboter-bmv-essen.de\/wp-content\/uploads\/2020\/03\/IMG_3719-Kopie-1024x682.png","datePublished":"2020-03-06T19:46:44+00:00","dateModified":"2021-10-08T07:35:40+00:00","breadcrumb":{"@id":"https:\/\/roboter-bmv-essen.de\/?page_id=534#breadcrumb"},"inLanguage":"de","potentialAction":[{"@type":"ReadAction","target":["https:\/\/roboter-bmv-essen.de\/?page_id=534"]}]},{"@type":"ImageObject","inLanguage":"de","@id":"https:\/\/roboter-bmv-essen.de\/?page_id=534#primaryimage","url":"https:\/\/roboter-bmv-essen.de\/wp-content\/uploads\/2020\/03\/IMG_3719-Kopie-e1718797418186.png","contentUrl":"https:\/\/roboter-bmv-essen.de\/wp-content\/uploads\/2020\/03\/IMG_3719-Kopie-e1718797418186.png","width":600,"height":400},{"@type":"BreadcrumbList","@id":"https:\/\/roboter-bmv-essen.de\/?page_id=534#breadcrumb","itemListElement":[{"@type":"ListItem","position":1,"name":"Startseite","item":"https:\/\/roboter-bmv-essen.de\/"},{"@type":"ListItem","position":2,"name":"MiniRobots"}]},{"@type":"WebSite","@id":"https:\/\/roboter-bmv-essen.de\/#website","url":"https:\/\/roboter-bmv-essen.de\/","name":"Die Roboter AG","description":"Auf dem Weg nach Sydney","publisher":{"@id":"https:\/\/roboter-bmv-essen.de\/#organization"},"potentialAction":[{"@type":"SearchAction","target":{"@type":"EntryPoint","urlTemplate":"https:\/\/roboter-bmv-essen.de\/?s={search_term_string}"},"query-input":{"@type":"PropertyValueSpecification","valueRequired":true,"valueName":"search_term_string"}}],"inLanguage":"de"},{"@type":"Organization","@id":"https:\/\/roboter-bmv-essen.de\/#organization","name":"Roboter AG der BMV-Schule Essen","url":"https:\/\/roboter-bmv-essen.de\/","logo":{"@type":"ImageObject","inLanguage":"de","@id":"https:\/\/roboter-bmv-essen.de\/#\/schema\/logo\/image\/","url":"https:\/\/roboter-bmv-essen.de\/wp-content\/uploads\/2019\/05\/cropped-robi-1-1.png","contentUrl":"https:\/\/roboter-bmv-essen.de\/wp-content\/uploads\/2019\/05\/cropped-robi-1-1.png","width":267,"height":342,"caption":"Roboter AG der BMV-Schule Essen"},"image":{"@id":"https:\/\/roboter-bmv-essen.de\/#\/schema\/logo\/image\/"}}]}},"_links":{"self":[{"href":"https:\/\/roboter-bmv-essen.de\/index.php?rest_route=\/wp\/v2\/pages\/534","targetHints":{"allow":["GET"]}}],"collection":[{"href":"https:\/\/roboter-bmv-essen.de\/index.php?rest_route=\/wp\/v2\/pages"}],"about":[{"href":"https:\/\/roboter-bmv-essen.de\/index.php?rest_route=\/wp\/v2\/types\/page"}],"author":[{"embeddable":true,"href":"https:\/\/roboter-bmv-essen.de\/index.php?rest_route=\/wp\/v2\/users\/2"}],"replies":[{"embeddable":true,"href":"https:\/\/roboter-bmv-essen.de\/index.php?rest_route=%2Fwp%2Fv2%2Fcomments&post=534"}],"version-history":[{"count":0,"href":"https:\/\/roboter-bmv-essen.de\/index.php?rest_route=\/wp\/v2\/pages\/534\/revisions"}],"wp:attachment":[{"href":"https:\/\/roboter-bmv-essen.de\/index.php?rest_route=%2Fwp%2Fv2%2Fmedia&parent=534"}],"curies":[{"name":"wp","href":"https:\/\/api.w.org\/{rel}","templated":true}]}}