{"id":2,"date":"2016-05-10T03:48:21","date_gmt":"2016-05-10T03:48:21","guid":{"rendered":"https:\/\/roboter-bmv-essen.de\/?page_id=2"},"modified":"2022-06-15T18:09:25","modified_gmt":"2022-06-15T18:09:25","slug":"sample-page","status":"publish","type":"page","link":"https:\/\/roboter-bmv-essen.de\/?page_id=2","title":{"rendered":"Die Roboter-AG"},"content":{"rendered":"\n<p>Die Roboter-AG der BMV Schule wurde 2012 von Carolin Schr\u00f6der und Lena Hagenauer gegr\u00fcndet. Die beiden ehemaligen Sch\u00fclerinnen hatten 2012 selbst an einem regionalen \u201eRobot Game\u201c Wettbewerb des zdi (Zukunft durch Innovation) teilgenommen und stellten dabei fest, dass die Arbeit mit den Lego-Mindstorms Robotern besonders f\u00fcr Sch\u00fcler*innen der Unterstufe gro\u00dfes Potential bietet. An der BMV kamen Sch\u00fclerinnnen bis dahin erst in der achten Klasse mit Robotern in Kontakt, und das auch nur, wenn sie einen Platz im Informatik-Differenzierungskurs belegt hatten. Die beiden damals 16-J\u00e4hrigen beschlossen, eine Roboter-AG f\u00fcr die Kassen 5 und 6 ins Leben zu rufen. Nach den Sommerferien startete das Projekt in einem Kellerraum der Schule mit 14 Sch\u00fclerinnen.<\/p>\n\n\n\n<p>Mittlerweile ist die Roboter AG ein wichtiger Bestandteil des Angebots der BMV Schule. Im laufenden Schuljahr nehmen \u00fcber 50 Sch\u00fcler*innen der Klassenstufen 5-12 an der AG teil, der Gro\u00dfteil, etwa 30, aus der 5. Klasse. Betreut werden diese von den Studenten Grit Schiefelbein, Anna Lena Nestler, Lena Hagenauer und Carolin Schr\u00f6der. Die Sch\u00fclerinnen und Sch\u00fcler ab der siebten Klasse unterst\u00fctzen die Studentinnen bei der Betreuung der AG der 5. und 6. Klasse.<\/p>\n\n\n\n<p>2019 nahmen insgesamt drei Teams an verschiedenen Wettbewerben teil, ein Jungenteam aus Klasse 8 bei dem RoboCup in der Kategorie Rescue Line, ein gemischtes Team aus Klasse 7 bei dem zdi in der Kategorie \u201eRobot Game\u201c und ein reines M\u00e4dchenteam bei dem RoboCup in der Kategorie \u201eonStage\u201c.<\/p>\n\n\n\n<p>2020 war die BMV mit <a href=\"https:\/\/roboter-bmv-essen.de\/?page_id=514\">drei Teams<\/a> aus den Klassen 8-12 am RoboCup vertreten. Zwei Teams traten in der Kategorie Rescue Line an, eines in der Kategorie OnStage. Im Unterschied zum letzten Jahr, waren die Teams in diesem Jahr nicht nach Jahrg\u00e4ngen getrennt. Das neue Konzept sieht vor, die erfahrenen Sch\u00fclerinnen aus Klasse 12 auf alle Teams aufzuteilen um den Wissenstransfer unter den Sch\u00fcler*innen zu f\u00f6rdern.<\/p>\n\n\n\n<p><\/p>\n\n\n\n<figure class=\"wp-block-gallery columns-3 is-cropped wp-block-gallery-1 is-layout-flex wp-block-gallery-is-layout-flex\"><ul class=\"blocks-gallery-grid\"><li class=\"blocks-gallery-item\"><figure><img loading=\"lazy\" decoding=\"async\" width=\"770\" height=\"816\" src=\"https:\/\/roboter-bmv-essen.de\/wp-content\/uploads\/2019\/05\/atwork.png\" alt=\"\" data-id=\"111\" data-link=\"https:\/\/roboter-bmv-essen.de\/?attachment_id=111\" class=\"wp-image-111\" srcset=\"https:\/\/roboter-bmv-essen.de\/wp-content\/uploads\/2019\/05\/atwork.png 770w, https:\/\/roboter-bmv-essen.de\/wp-content\/uploads\/2019\/05\/atwork-283x300.png 283w, https:\/\/roboter-bmv-essen.de\/wp-content\/uploads\/2019\/05\/atwork-768x814.png 768w\" sizes=\"auto, (max-width: 770px) 100vw, 770px\" \/><figcaption class=\"blocks-gallery-item__caption\">2019<\/figcaption><\/figure><\/li><li class=\"blocks-gallery-item\"><figure><img loading=\"lazy\" decoding=\"async\" width=\"770\" height=\"816\" src=\"https:\/\/roboter-bmv-essen.de\/wp-content\/uploads\/2019\/05\/l\u00f6ten-1.jpg\" alt=\"\" data-id=\"108\" data-link=\"https:\/\/roboter-bmv-essen.de\/?attachment_id=108\" class=\"wp-image-108\" srcset=\"https:\/\/roboter-bmv-essen.de\/wp-content\/uploads\/2019\/05\/l\u00f6ten-1.jpg 770w, https:\/\/roboter-bmv-essen.de\/wp-content\/uploads\/2019\/05\/l\u00f6ten-1-283x300.jpg 283w, https:\/\/roboter-bmv-essen.de\/wp-content\/uploads\/2019\/05\/l\u00f6ten-1-768x814.jpg 768w\" sizes=\"auto, (max-width: 770px) 100vw, 770px\" \/><figcaption class=\"blocks-gallery-item__caption\">2019<\/figcaption><\/figure><\/li><li class=\"blocks-gallery-item\"><figure><img loading=\"lazy\" decoding=\"async\" width=\"1024\" height=\"768\" src=\"https:\/\/roboter-bmv-essen.de\/wp-content\/uploads\/2019\/05\/P1030084-1024x768.jpg\" alt=\"\" data-id=\"178\" data-link=\"https:\/\/roboter-bmv-essen.de\/?attachment_id=178\" class=\"wp-image-178\" srcset=\"https:\/\/roboter-bmv-essen.de\/wp-content\/uploads\/2019\/05\/P1030084-1024x768.jpg 1024w, https:\/\/roboter-bmv-essen.de\/wp-content\/uploads\/2019\/05\/P1030084-300x225.jpg 300w, https:\/\/roboter-bmv-essen.de\/wp-content\/uploads\/2019\/05\/P1030084-768x576.jpg 768w, https:\/\/roboter-bmv-essen.de\/wp-content\/uploads\/2019\/05\/P1030084-1536x1152.jpg 1536w, https:\/\/roboter-bmv-essen.de\/wp-content\/uploads\/2019\/05\/P1030084-2048x1536.jpg 2048w\" sizes=\"auto, (max-width: 1024px) 100vw, 1024px\" \/><figcaption class=\"blocks-gallery-item__caption\">2019<\/figcaption><\/figure><\/li><li class=\"blocks-gallery-item\"><figure><img loading=\"lazy\" decoding=\"async\" width=\"1024\" height=\"683\" src=\"https:\/\/roboter-bmv-essen.de\/wp-content\/uploads\/2019\/05\/IMG_8570-1024x683.jpg\" alt=\"\" data-id=\"173\" data-link=\"https:\/\/roboter-bmv-essen.de\/?attachment_id=173\" class=\"wp-image-173\" srcset=\"https:\/\/roboter-bmv-essen.de\/wp-content\/uploads\/2019\/05\/IMG_8570-1024x683.jpg 1024w, https:\/\/roboter-bmv-essen.de\/wp-content\/uploads\/2019\/05\/IMG_8570-300x200.jpg 300w, https:\/\/roboter-bmv-essen.de\/wp-content\/uploads\/2019\/05\/IMG_8570-768x512.jpg 768w, https:\/\/roboter-bmv-essen.de\/wp-content\/uploads\/2019\/05\/IMG_8570-1536x1024.jpg 1536w, https:\/\/roboter-bmv-essen.de\/wp-content\/uploads\/2019\/05\/IMG_8570-2048x1365.jpg 2048w\" sizes=\"auto, (max-width: 1024px) 100vw, 1024px\" \/><figcaption class=\"blocks-gallery-item__caption\">2019<\/figcaption><\/figure><\/li><li class=\"blocks-gallery-item\"><figure><img loading=\"lazy\" decoding=\"async\" width=\"1024\" height=\"681\" src=\"https:\/\/roboter-bmv-essen.de\/wp-content\/uploads\/2019\/05\/Roboter_AG_der_BMV_Schule_5078-1024x681.jpg\" alt=\"\" data-id=\"226\" data-link=\"https:\/\/roboter-bmv-essen.de\/?attachment_id=226\" class=\"wp-image-226\" srcset=\"https:\/\/roboter-bmv-essen.de\/wp-content\/uploads\/2019\/05\/Roboter_AG_der_BMV_Schule_5078-1024x681.jpg 1024w, https:\/\/roboter-bmv-essen.de\/wp-content\/uploads\/2019\/05\/Roboter_AG_der_BMV_Schule_5078-300x200.jpg 300w, https:\/\/roboter-bmv-essen.de\/wp-content\/uploads\/2019\/05\/Roboter_AG_der_BMV_Schule_5078-768x511.jpg 768w, https:\/\/roboter-bmv-essen.de\/wp-content\/uploads\/2019\/05\/Roboter_AG_der_BMV_Schule_5078-1536x1022.jpg 1536w, https:\/\/roboter-bmv-essen.de\/wp-content\/uploads\/2019\/05\/Roboter_AG_der_BMV_Schule_5078-2048x1363.jpg 2048w\" sizes=\"auto, (max-width: 1024px) 100vw, 1024px\" \/><figcaption class=\"blocks-gallery-item__caption\">Lego<\/figcaption><\/figure><\/li><li class=\"blocks-gallery-item\"><figure><img loading=\"lazy\" decoding=\"async\" width=\"1024\" height=\"683\" src=\"https:\/\/roboter-bmv-essen.de\/wp-content\/uploads\/2019\/05\/DSC9936-1024x683.jpg\" alt=\"\" data-id=\"171\" data-link=\"https:\/\/roboter-bmv-essen.de\/?attachment_id=171\" class=\"wp-image-171\" srcset=\"https:\/\/roboter-bmv-essen.de\/wp-content\/uploads\/2019\/05\/DSC9936-1024x683.jpg 1024w, https:\/\/roboter-bmv-essen.de\/wp-content\/uploads\/2019\/05\/DSC9936-300x200.jpg 300w, https:\/\/roboter-bmv-essen.de\/wp-content\/uploads\/2019\/05\/DSC9936-768x512.jpg 768w, https:\/\/roboter-bmv-essen.de\/wp-content\/uploads\/2019\/05\/DSC9936-1536x1024.jpg 1536w, https:\/\/roboter-bmv-essen.de\/wp-content\/uploads\/2019\/05\/DSC9936-2048x1365.jpg 2048w\" sizes=\"auto, (max-width: 1024px) 100vw, 1024px\" \/><figcaption class=\"blocks-gallery-item__caption\">2018<\/figcaption><\/figure><\/li><li class=\"blocks-gallery-item\"><figure><img loading=\"lazy\" decoding=\"async\" width=\"1024\" height=\"683\" src=\"https:\/\/roboter-bmv-essen.de\/wp-content\/uploads\/2019\/05\/DSC9965-1024x683.jpg\" alt=\"\" data-id=\"172\" data-link=\"https:\/\/roboter-bmv-essen.de\/?attachment_id=172\" class=\"wp-image-172\" srcset=\"https:\/\/roboter-bmv-essen.de\/wp-content\/uploads\/2019\/05\/DSC9965-1024x683.jpg 1024w, https:\/\/roboter-bmv-essen.de\/wp-content\/uploads\/2019\/05\/DSC9965-300x200.jpg 300w, https:\/\/roboter-bmv-essen.de\/wp-content\/uploads\/2019\/05\/DSC9965-768x512.jpg 768w, https:\/\/roboter-bmv-essen.de\/wp-content\/uploads\/2019\/05\/DSC9965-1536x1024.jpg 1536w, https:\/\/roboter-bmv-essen.de\/wp-content\/uploads\/2019\/05\/DSC9965-2048x1365.jpg 2048w\" sizes=\"auto, (max-width: 1024px) 100vw, 1024px\" \/><figcaption class=\"blocks-gallery-item__caption\">2018<\/figcaption><\/figure><\/li><li class=\"blocks-gallery-item\"><figure><img loading=\"lazy\" decoding=\"async\" width=\"1024\" height=\"768\" src=\"https:\/\/roboter-bmv-essen.de\/wp-content\/uploads\/2019\/05\/P1010295-1024x768.jpg\" alt=\"\" data-id=\"179\" data-link=\"https:\/\/roboter-bmv-essen.de\/?attachment_id=179\" class=\"wp-image-179\" srcset=\"https:\/\/roboter-bmv-essen.de\/wp-content\/uploads\/2019\/05\/P1010295-1024x768.jpg 1024w, https:\/\/roboter-bmv-essen.de\/wp-content\/uploads\/2019\/05\/P1010295-300x225.jpg 300w, https:\/\/roboter-bmv-essen.de\/wp-content\/uploads\/2019\/05\/P1010295-768x576.jpg 768w, https:\/\/roboter-bmv-essen.de\/wp-content\/uploads\/2019\/05\/P1010295-1536x1152.jpg 1536w, https:\/\/roboter-bmv-essen.de\/wp-content\/uploads\/2019\/05\/P1010295-2048x1536.jpg 2048w\" sizes=\"auto, (max-width: 1024px) 100vw, 1024px\" \/><figcaption class=\"blocks-gallery-item__caption\">2017<\/figcaption><\/figure><\/li><li class=\"blocks-gallery-item\"><figure><img loading=\"lazy\" decoding=\"async\" width=\"768\" height=\"1024\" src=\"https:\/\/roboter-bmv-essen.de\/wp-content\/uploads\/2019\/05\/P1010335-768x1024.jpg\" alt=\"\" data-id=\"175\" data-link=\"https:\/\/roboter-bmv-essen.de\/?attachment_id=175\" class=\"wp-image-175\" srcset=\"https:\/\/roboter-bmv-essen.de\/wp-content\/uploads\/2019\/05\/P1010335-768x1024.jpg 768w, https:\/\/roboter-bmv-essen.de\/wp-content\/uploads\/2019\/05\/P1010335-225x300.jpg 225w, https:\/\/roboter-bmv-essen.de\/wp-content\/uploads\/2019\/05\/P1010335-1152x1536.jpg 1152w, https:\/\/roboter-bmv-essen.de\/wp-content\/uploads\/2019\/05\/P1010335-1536x2048.jpg 1536w, https:\/\/roboter-bmv-essen.de\/wp-content\/uploads\/2019\/05\/P1010335-scaled.jpg 1920w\" sizes=\"auto, (max-width: 768px) 100vw, 768px\" \/><figcaption class=\"blocks-gallery-item__caption\">2017 <\/figcaption><\/figure><\/li><li class=\"blocks-gallery-item\"><figure><img decoding=\"async\" src=\"https:\/\/roboter-bmv-essen.de\/wp-content\/uploads\/2019\/05\/P1000880-1024x768.jpg\" alt=\"\" data-id=\"174\" data-link=\"https:\/\/roboter-bmv-essen.de\/?attachment_id=174\" class=\"wp-image-174\"\/><figcaption class=\"blocks-gallery-item__caption\">2017<\/figcaption><\/figure><\/li><li class=\"blocks-gallery-item\"><figure><img loading=\"lazy\" decoding=\"async\" width=\"1024\" height=\"681\" src=\"https:\/\/roboter-bmv-essen.de\/wp-content\/uploads\/2019\/05\/Roboter_AG_der_BMV_Schule_5057-1024x681.jpg\" alt=\"\" data-id=\"225\" data-link=\"https:\/\/roboter-bmv-essen.de\/?attachment_id=225\" class=\"wp-image-225\" srcset=\"https:\/\/roboter-bmv-essen.de\/wp-content\/uploads\/2019\/05\/Roboter_AG_der_BMV_Schule_5057-1024x681.jpg 1024w, https:\/\/roboter-bmv-essen.de\/wp-content\/uploads\/2019\/05\/Roboter_AG_der_BMV_Schule_5057-300x200.jpg 300w, https:\/\/roboter-bmv-essen.de\/wp-content\/uploads\/2019\/05\/Roboter_AG_der_BMV_Schule_5057-768x511.jpg 768w, https:\/\/roboter-bmv-essen.de\/wp-content\/uploads\/2019\/05\/Roboter_AG_der_BMV_Schule_5057-1536x1022.jpg 1536w, https:\/\/roboter-bmv-essen.de\/wp-content\/uploads\/2019\/05\/Roboter_AG_der_BMV_Schule_5057-2048x1363.jpg 2048w\" sizes=\"auto, (max-width: 1024px) 100vw, 1024px\" \/><figcaption class=\"blocks-gallery-item__caption\">2015<\/figcaption><\/figure><\/li><li class=\"blocks-gallery-item\"><figure><img loading=\"lazy\" decoding=\"async\" width=\"1024\" height=\"681\" src=\"https:\/\/roboter-bmv-essen.de\/wp-content\/uploads\/2019\/05\/Roboter_AG_der_BMV_Schule_4971-1024x681.jpg\" alt=\"\" data-id=\"224\" data-link=\"https:\/\/roboter-bmv-essen.de\/?attachment_id=224\" class=\"wp-image-224\" srcset=\"https:\/\/roboter-bmv-essen.de\/wp-content\/uploads\/2019\/05\/Roboter_AG_der_BMV_Schule_4971-1024x681.jpg 1024w, https:\/\/roboter-bmv-essen.de\/wp-content\/uploads\/2019\/05\/Roboter_AG_der_BMV_Schule_4971-300x200.jpg 300w, https:\/\/roboter-bmv-essen.de\/wp-content\/uploads\/2019\/05\/Roboter_AG_der_BMV_Schule_4971-768x511.jpg 768w, https:\/\/roboter-bmv-essen.de\/wp-content\/uploads\/2019\/05\/Roboter_AG_der_BMV_Schule_4971-1536x1022.jpg 1536w, https:\/\/roboter-bmv-essen.de\/wp-content\/uploads\/2019\/05\/Roboter_AG_der_BMV_Schule_4971-2048x1363.jpg 2048w\" sizes=\"auto, (max-width: 1024px) 100vw, 1024px\" \/><figcaption class=\"blocks-gallery-item__caption\">2015<\/figcaption><\/figure><\/li><\/ul><\/figure>\n\n\n\n<ul class=\"wp-block-social-links is-layout-flex wp-block-social-links-is-layout-flex\"><li class=\"wp-social-link wp-social-link-instagram  wp-block-social-link\"><a href=\"https:\/\/www.instagram.com\/roboterbmv\/\" class=\"wp-block-social-link-anchor\"><svg width=\"24\" height=\"24\" viewBox=\"0 0 24 24\" version=\"1.1\" xmlns=\"http:\/\/www.w3.org\/2000\/svg\" aria-hidden=\"true\" focusable=\"false\"><path d=\"M12,4.622c2.403,0,2.688,0.009,3.637,0.052c0.877,0.04,1.354,0.187,1.671,0.31c0.42,0.163,0.72,0.358,1.035,0.673 c0.315,0.315,0.51,0.615,0.673,1.035c0.123,0.317,0.27,0.794,0.31,1.671c0.043,0.949,0.052,1.234,0.052,3.637 s-0.009,2.688-0.052,3.637c-0.04,0.877-0.187,1.354-0.31,1.671c-0.163,0.42-0.358,0.72-0.673,1.035 c-0.315,0.315-0.615,0.51-1.035,0.673c-0.317,0.123-0.794,0.27-1.671,0.31c-0.949,0.043-1.233,0.052-3.637,0.052 s-2.688-0.009-3.637-0.052c-0.877-0.04-1.354-0.187-1.671-0.31c-0.42-0.163-0.72-0.358-1.035-0.673 c-0.315-0.315-0.51-0.615-0.673-1.035c-0.123-0.317-0.27-0.794-0.31-1.671C4.631,14.688,4.622,14.403,4.622,12 s0.009-2.688,0.052-3.637c0.04-0.877,0.187-1.354,0.31-1.671c0.163-0.42,0.358-0.72,0.673-1.035 c0.315-0.315,0.615-0.51,1.035-0.673c0.317-0.123,0.794-0.27,1.671-0.31C9.312,4.631,9.597,4.622,12,4.622 M12,3 C9.556,3,9.249,3.01,8.289,3.054C7.331,3.098,6.677,3.25,6.105,3.472C5.513,3.702,5.011,4.01,4.511,4.511 c-0.5,0.5-0.808,1.002-1.038,1.594C3.25,6.677,3.098,7.331,3.054,8.289C3.01,9.249,3,9.556,3,12c0,2.444,0.01,2.751,0.054,3.711 c0.044,0.958,0.196,1.612,0.418,2.185c0.23,0.592,0.538,1.094,1.038,1.594c0.5,0.5,1.002,0.808,1.594,1.038 c0.572,0.222,1.227,0.375,2.185,0.418C9.249,20.99,9.556,21,12,21s2.751-0.01,3.711-0.054c0.958-0.044,1.612-0.196,2.185-0.418 c0.592-0.23,1.094-0.538,1.594-1.038c0.5-0.5,0.808-1.002,1.038-1.594c0.222-0.572,0.375-1.227,0.418-2.185 C20.99,14.751,21,14.444,21,12s-0.01-2.751-0.054-3.711c-0.044-0.958-0.196-1.612-0.418-2.185c-0.23-0.592-0.538-1.094-1.038-1.594 c-0.5-0.5-1.002-0.808-1.594-1.038c-0.572-0.222-1.227-0.375-2.185-0.418C14.751,3.01,14.444,3,12,3L12,3z M12,7.378 c-2.552,0-4.622,2.069-4.622,4.622S9.448,16.622,12,16.622s4.622-2.069,4.622-4.622S14.552,7.378,12,7.378z M12,15 c-1.657,0-3-1.343-3-3s1.343-3,3-3s3,1.343,3,3S13.657,15,12,15z M16.804,6.116c-0.596,0-1.08,0.484-1.08,1.08 s0.484,1.08,1.08,1.08c0.596,0,1.08-0.484,1.08-1.08S17.401,6.116,16.804,6.116z\"><\/path><\/svg><span class=\"wp-block-social-link-label screen-reader-text\">Instagram<\/span><\/a><\/li>\n\n<li class=\"wp-social-link wp-social-link-mail  wp-block-social-link\"><a href=\"mailto:R&#111;bot&#101;r&#064;&#098;&#109;v&#045;e&#115;sen.&#100;&#101;\" class=\"wp-block-social-link-anchor\"><svg width=\"24\" height=\"24\" viewBox=\"0 0 24 24\" version=\"1.1\" xmlns=\"http:\/\/www.w3.org\/2000\/svg\" aria-hidden=\"true\" focusable=\"false\"><path d=\"M19,5H5c-1.1,0-2,.9-2,2v10c0,1.1.9,2,2,2h14c1.1,0,2-.9,2-2V7c0-1.1-.9-2-2-2zm.5,12c0,.3-.2.5-.5.5H5c-.3,0-.5-.2-.5-.5V9.8l7.5,5.6,7.5-5.6V17zm0-9.1L12,13.6,4.5,7.9V7c0-.3.2-.5.5-.5h14c.3,0,.5.2.5.5v.9z\"><\/path><\/svg><span class=\"wp-block-social-link-label screen-reader-text\">E-Mail<\/span><\/a><\/li>\n\n<li class=\"wp-social-link wp-social-link-chain  wp-block-social-link\"><a href=\"http:\/\/www.bmv-essen.de\/\" class=\"wp-block-social-link-anchor\"><svg width=\"24\" height=\"24\" viewBox=\"0 0 24 24\" version=\"1.1\" xmlns=\"http:\/\/www.w3.org\/2000\/svg\" aria-hidden=\"true\" focusable=\"false\"><path d=\"M15.6,7.2H14v1.5h1.6c2,0,3.7,1.7,3.7,3.7s-1.7,3.7-3.7,3.7H14v1.5h1.6c2.8,0,5.2-2.3,5.2-5.2,0-2.9-2.3-5.2-5.2-5.2zM4.7,12.4c0-2,1.7-3.7,3.7-3.7H10V7.2H8.4c-2.9,0-5.2,2.3-5.2,5.2,0,2.9,2.3,5.2,5.2,5.2H10v-1.5H8.4c-2,0-3.7-1.7-3.7-3.7zm4.6.9h5.3v-1.5H9.3v1.5z\"><\/path><\/svg><span class=\"wp-block-social-link-label screen-reader-text\">Link<\/span><\/a><\/li><\/ul>\n\n\n\n<p><\/p>\n","protected":false},"excerpt":{"rendered":"<p>Die Roboter-AG der BMV Schule wurde 2012 von Carolin Schr\u00f6der und Lena Hagenauer gegr\u00fcndet. Die beiden ehemaligen Sch\u00fclerinnen hatten 2012 selbst an einem regionalen \u201eRobot Game\u201c Wettbewerb des zdi (Zukunft durch Innovation) teilgenommen und stellten dabei fest, dass die Arbeit mit den Lego-Mindstorms Robotern besonders f\u00fcr Sch\u00fcler*innen der Unterstufe gro\u00dfes Potential bietet. An der BMV [&hellip;]<\/p>\n","protected":false},"author":2,"featured_media":0,"parent":0,"menu_order":0,"comment_status":"closed","ping_status":"closed","template":"","meta":{"footnotes":""},"class_list":["post-2","page","type-page","status-publish","hentry"],"yoast_head":"<!-- This site is optimized with the Yoast SEO plugin v27.4 - https:\/\/yoast.com\/product\/yoast-seo-wordpress\/ -->\n<title>Die Roboter-AG - Roboter AG<\/title>\n<meta name=\"robots\" content=\"index, follow, max-snippet:-1, max-image-preview:large, max-video-preview:-1\" \/>\n<link rel=\"canonical\" href=\"https:\/\/roboter-bmv-essen.de\/?page_id=2\" \/>\n<meta property=\"og:locale\" content=\"de_DE\" \/>\n<meta property=\"og:type\" content=\"article\" \/>\n<meta property=\"og:title\" content=\"Die Roboter-AG - Roboter AG\" \/>\n<meta property=\"og:description\" content=\"Die Roboter-AG der BMV Schule wurde 2012 von Carolin Schr\u00f6der und Lena Hagenauer gegr\u00fcndet. Die beiden ehemaligen Sch\u00fclerinnen hatten 2012 selbst an einem regionalen \u201eRobot Game\u201c Wettbewerb des zdi (Zukunft durch Innovation) teilgenommen und stellten dabei fest, dass die Arbeit mit den Lego-Mindstorms Robotern besonders f\u00fcr Sch\u00fcler*innen der Unterstufe gro\u00dfes Potential bietet. An der BMV [&hellip;]\" \/>\n<meta property=\"og:url\" content=\"https:\/\/roboter-bmv-essen.de\/?page_id=2\" \/>\n<meta property=\"og:site_name\" content=\"Roboter AG\" \/>\n<meta property=\"article:modified_time\" content=\"2022-06-15T18:09:25+00:00\" \/>\n<meta property=\"og:image\" content=\"https:\/\/roboter-bmv-essen.de\/wp-content\/uploads\/2019\/05\/atwork.png\" \/>\n<meta name=\"twitter:card\" content=\"summary_large_image\" \/>\n<meta name=\"twitter:label1\" content=\"Gesch\u00e4tzte Lesezeit\" \/>\n\t<meta name=\"twitter:data1\" content=\"4\u00a0Minuten\" \/>\n<script type=\"application\/ld+json\" class=\"yoast-schema-graph\">{\"@context\":\"https:\\\/\\\/schema.org\",\"@graph\":[{\"@type\":\"WebPage\",\"@id\":\"https:\\\/\\\/roboter-bmv-essen.de\\\/?page_id=2\",\"url\":\"https:\\\/\\\/roboter-bmv-essen.de\\\/?page_id=2\",\"name\":\"Die Roboter-AG - Roboter AG\",\"isPartOf\":{\"@id\":\"https:\\\/\\\/roboter-bmv-essen.de\\\/#website\"},\"primaryImageOfPage\":{\"@id\":\"https:\\\/\\\/roboter-bmv-essen.de\\\/?page_id=2#primaryimage\"},\"image\":{\"@id\":\"https:\\\/\\\/roboter-bmv-essen.de\\\/?page_id=2#primaryimage\"},\"thumbnailUrl\":\"https:\\\/\\\/roboter-bmv-essen.de\\\/wp-content\\\/uploads\\\/2019\\\/05\\\/atwork.png\",\"datePublished\":\"2016-05-10T03:48:21+00:00\",\"dateModified\":\"2022-06-15T18:09:25+00:00\",\"breadcrumb\":{\"@id\":\"https:\\\/\\\/roboter-bmv-essen.de\\\/?page_id=2#breadcrumb\"},\"inLanguage\":\"de\",\"potentialAction\":[{\"@type\":\"ReadAction\",\"target\":[\"https:\\\/\\\/roboter-bmv-essen.de\\\/?page_id=2\"]}]},{\"@type\":\"ImageObject\",\"inLanguage\":\"de\",\"@id\":\"https:\\\/\\\/roboter-bmv-essen.de\\\/?page_id=2#primaryimage\",\"url\":\"https:\\\/\\\/roboter-bmv-essen.de\\\/wp-content\\\/uploads\\\/2019\\\/05\\\/atwork.png\",\"contentUrl\":\"https:\\\/\\\/roboter-bmv-essen.de\\\/wp-content\\\/uploads\\\/2019\\\/05\\\/atwork.png\",\"width\":770,\"height\":816,\"caption\":\"2019\"},{\"@type\":\"BreadcrumbList\",\"@id\":\"https:\\\/\\\/roboter-bmv-essen.de\\\/?page_id=2#breadcrumb\",\"itemListElement\":[{\"@type\":\"ListItem\",\"position\":1,\"name\":\"Startseite\",\"item\":\"https:\\\/\\\/roboter-bmv-essen.de\\\/\"},{\"@type\":\"ListItem\",\"position\":2,\"name\":\"Die Roboter-AG\"}]},{\"@type\":\"WebSite\",\"@id\":\"https:\\\/\\\/roboter-bmv-essen.de\\\/#website\",\"url\":\"https:\\\/\\\/roboter-bmv-essen.de\\\/\",\"name\":\"Die Roboter AG\",\"description\":\"Auf dem Weg nach Sydney\",\"publisher\":{\"@id\":\"https:\\\/\\\/roboter-bmv-essen.de\\\/#organization\"},\"potentialAction\":[{\"@type\":\"SearchAction\",\"target\":{\"@type\":\"EntryPoint\",\"urlTemplate\":\"https:\\\/\\\/roboter-bmv-essen.de\\\/?s={search_term_string}\"},\"query-input\":{\"@type\":\"PropertyValueSpecification\",\"valueRequired\":true,\"valueName\":\"search_term_string\"}}],\"inLanguage\":\"de\"},{\"@type\":\"Organization\",\"@id\":\"https:\\\/\\\/roboter-bmv-essen.de\\\/#organization\",\"name\":\"Roboter AG der BMV-Schule Essen\",\"url\":\"https:\\\/\\\/roboter-bmv-essen.de\\\/\",\"logo\":{\"@type\":\"ImageObject\",\"inLanguage\":\"de\",\"@id\":\"https:\\\/\\\/roboter-bmv-essen.de\\\/#\\\/schema\\\/logo\\\/image\\\/\",\"url\":\"https:\\\/\\\/roboter-bmv-essen.de\\\/wp-content\\\/uploads\\\/2019\\\/05\\\/cropped-robi-1-1.png\",\"contentUrl\":\"https:\\\/\\\/roboter-bmv-essen.de\\\/wp-content\\\/uploads\\\/2019\\\/05\\\/cropped-robi-1-1.png\",\"width\":267,\"height\":342,\"caption\":\"Roboter AG der BMV-Schule Essen\"},\"image\":{\"@id\":\"https:\\\/\\\/roboter-bmv-essen.de\\\/#\\\/schema\\\/logo\\\/image\\\/\"}}]}<\/script>\n<!-- \/ Yoast SEO plugin. -->","yoast_head_json":{"title":"Die Roboter-AG - Roboter AG","robots":{"index":"index","follow":"follow","max-snippet":"max-snippet:-1","max-image-preview":"max-image-preview:large","max-video-preview":"max-video-preview:-1"},"canonical":"https:\/\/roboter-bmv-essen.de\/?page_id=2","og_locale":"de_DE","og_type":"article","og_title":"Die Roboter-AG - Roboter AG","og_description":"Die Roboter-AG der BMV Schule wurde 2012 von Carolin Schr\u00f6der und Lena Hagenauer gegr\u00fcndet. Die beiden ehemaligen Sch\u00fclerinnen hatten 2012 selbst an einem regionalen \u201eRobot Game\u201c Wettbewerb des zdi (Zukunft durch Innovation) teilgenommen und stellten dabei fest, dass die Arbeit mit den Lego-Mindstorms Robotern besonders f\u00fcr Sch\u00fcler*innen der Unterstufe gro\u00dfes Potential bietet. An der BMV [&hellip;]","og_url":"https:\/\/roboter-bmv-essen.de\/?page_id=2","og_site_name":"Roboter AG","article_modified_time":"2022-06-15T18:09:25+00:00","og_image":[{"url":"https:\/\/roboter-bmv-essen.de\/wp-content\/uploads\/2019\/05\/atwork.png","type":"","width":"","height":""}],"twitter_card":"summary_large_image","twitter_misc":{"Gesch\u00e4tzte Lesezeit":"4\u00a0Minuten"},"schema":{"@context":"https:\/\/schema.org","@graph":[{"@type":"WebPage","@id":"https:\/\/roboter-bmv-essen.de\/?page_id=2","url":"https:\/\/roboter-bmv-essen.de\/?page_id=2","name":"Die Roboter-AG - Roboter AG","isPartOf":{"@id":"https:\/\/roboter-bmv-essen.de\/#website"},"primaryImageOfPage":{"@id":"https:\/\/roboter-bmv-essen.de\/?page_id=2#primaryimage"},"image":{"@id":"https:\/\/roboter-bmv-essen.de\/?page_id=2#primaryimage"},"thumbnailUrl":"https:\/\/roboter-bmv-essen.de\/wp-content\/uploads\/2019\/05\/atwork.png","datePublished":"2016-05-10T03:48:21+00:00","dateModified":"2022-06-15T18:09:25+00:00","breadcrumb":{"@id":"https:\/\/roboter-bmv-essen.de\/?page_id=2#breadcrumb"},"inLanguage":"de","potentialAction":[{"@type":"ReadAction","target":["https:\/\/roboter-bmv-essen.de\/?page_id=2"]}]},{"@type":"ImageObject","inLanguage":"de","@id":"https:\/\/roboter-bmv-essen.de\/?page_id=2#primaryimage","url":"https:\/\/roboter-bmv-essen.de\/wp-content\/uploads\/2019\/05\/atwork.png","contentUrl":"https:\/\/roboter-bmv-essen.de\/wp-content\/uploads\/2019\/05\/atwork.png","width":770,"height":816,"caption":"2019"},{"@type":"BreadcrumbList","@id":"https:\/\/roboter-bmv-essen.de\/?page_id=2#breadcrumb","itemListElement":[{"@type":"ListItem","position":1,"name":"Startseite","item":"https:\/\/roboter-bmv-essen.de\/"},{"@type":"ListItem","position":2,"name":"Die Roboter-AG"}]},{"@type":"WebSite","@id":"https:\/\/roboter-bmv-essen.de\/#website","url":"https:\/\/roboter-bmv-essen.de\/","name":"Die Roboter AG","description":"Auf dem Weg nach Sydney","publisher":{"@id":"https:\/\/roboter-bmv-essen.de\/#organization"},"potentialAction":[{"@type":"SearchAction","target":{"@type":"EntryPoint","urlTemplate":"https:\/\/roboter-bmv-essen.de\/?s={search_term_string}"},"query-input":{"@type":"PropertyValueSpecification","valueRequired":true,"valueName":"search_term_string"}}],"inLanguage":"de"},{"@type":"Organization","@id":"https:\/\/roboter-bmv-essen.de\/#organization","name":"Roboter AG der BMV-Schule Essen","url":"https:\/\/roboter-bmv-essen.de\/","logo":{"@type":"ImageObject","inLanguage":"de","@id":"https:\/\/roboter-bmv-essen.de\/#\/schema\/logo\/image\/","url":"https:\/\/roboter-bmv-essen.de\/wp-content\/uploads\/2019\/05\/cropped-robi-1-1.png","contentUrl":"https:\/\/roboter-bmv-essen.de\/wp-content\/uploads\/2019\/05\/cropped-robi-1-1.png","width":267,"height":342,"caption":"Roboter AG der BMV-Schule Essen"},"image":{"@id":"https:\/\/roboter-bmv-essen.de\/#\/schema\/logo\/image\/"}}]}},"_links":{"self":[{"href":"https:\/\/roboter-bmv-essen.de\/index.php?rest_route=\/wp\/v2\/pages\/2","targetHints":{"allow":["GET"]}}],"collection":[{"href":"https:\/\/roboter-bmv-essen.de\/index.php?rest_route=\/wp\/v2\/pages"}],"about":[{"href":"https:\/\/roboter-bmv-essen.de\/index.php?rest_route=\/wp\/v2\/types\/page"}],"author":[{"embeddable":true,"href":"https:\/\/roboter-bmv-essen.de\/index.php?rest_route=\/wp\/v2\/users\/2"}],"replies":[{"embeddable":true,"href":"https:\/\/roboter-bmv-essen.de\/index.php?rest_route=%2Fwp%2Fv2%2Fcomments&post=2"}],"version-history":[{"count":0,"href":"https:\/\/roboter-bmv-essen.de\/index.php?rest_route=\/wp\/v2\/pages\/2\/revisions"}],"wp:attachment":[{"href":"https:\/\/roboter-bmv-essen.de\/index.php?rest_route=%2Fwp%2Fv2%2Fmedia&parent=2"}],"curies":[{"name":"wp","href":"https:\/\/api.w.org\/{rel}","templated":true}]}}