{"id":1177,"date":"2024-03-04T18:07:15","date_gmt":"2024-03-04T18:07:15","guid":{"rendered":"https:\/\/roboter-bmv-essen.de\/?page_id=1177"},"modified":"2024-03-04T18:10:23","modified_gmt":"2024-03-04T18:10:23","slug":"robocup-2024","status":"publish","type":"page","link":"https:\/\/roboter-bmv-essen.de\/?page_id=1177","title":{"rendered":"RoboCup 2024"},"content":{"rendered":"\n<h2 class=\"wp-block-heading\">Vorrunde in Hamburg<\/h2>\n\n\n\n<p>Vom 23.02. bis zum 25.02. waren wir mit zwei Teams bei der Vorrunde des RoboCup in Hamburg. <\/p>\n\n\n\n<p><\/p>\n\n\n\n<figure class=\"wp-block-gallery has-nested-images columns-default is-cropped wp-block-gallery-1 is-layout-flex wp-block-gallery-is-layout-flex\">\n<figure class=\"wp-block-image size-large\"><img decoding=\"async\" data-id=\"1178\" src=\"https:\/\/roboter-bmv-essen.de\/wp-content\/uploads\/2024\/03\/IMG_0409-1024x683.jpg\" alt=\"\" class=\"wp-image-1178\"\/><\/figure>\n<\/figure>\n\n\n\n<p><\/p>\n\n\n\n<p>Das Team &#8222;Lachkick&#8220; trat in der Kategorie Rescue Line an und belegte mit seinem Lego-Roboter den zw\u00f6lften Platz. Der Roboter musste einer schwarzen Linie folgen und auf dem Weg \u00fcber Bumper, um Hindernisse, auf Rampen und Wippen fahren sowie an Kreuzungen die richtige Abzweigung nehmen.<\/p>\n\n\n\n<p><\/p>\n\n\n\n<figure class=\"wp-block-gallery has-nested-images columns-default is-cropped wp-block-gallery-2 is-layout-flex wp-block-gallery-is-layout-flex\">\n<figure class=\"wp-block-image size-large\"><img loading=\"lazy\" decoding=\"async\" width=\"1024\" height=\"768\" data-id=\"1180\" src=\"https:\/\/roboter-bmv-essen.de\/wp-content\/uploads\/2024\/03\/IMG-20240225-WA0040-1024x768.jpg\" alt=\"\" class=\"wp-image-1180\" srcset=\"https:\/\/roboter-bmv-essen.de\/wp-content\/uploads\/2024\/03\/IMG-20240225-WA0040-1024x768.jpg 1024w, https:\/\/roboter-bmv-essen.de\/wp-content\/uploads\/2024\/03\/IMG-20240225-WA0040-300x225.jpg 300w, https:\/\/roboter-bmv-essen.de\/wp-content\/uploads\/2024\/03\/IMG-20240225-WA0040-768x576.jpg 768w, https:\/\/roboter-bmv-essen.de\/wp-content\/uploads\/2024\/03\/IMG-20240225-WA0040-1536x1152.jpg 1536w, https:\/\/roboter-bmv-essen.de\/wp-content\/uploads\/2024\/03\/IMG-20240225-WA0040.jpg 2048w\" sizes=\"auto, (max-width: 1024px) 100vw, 1024px\" \/><\/figure>\n\n\n\n<figure class=\"wp-block-image size-large\"><img loading=\"lazy\" decoding=\"async\" width=\"1024\" height=\"768\" data-id=\"1179\" src=\"https:\/\/roboter-bmv-essen.de\/wp-content\/uploads\/2024\/03\/rescue_line-1024x768.jpg\" alt=\"\" class=\"wp-image-1179\" srcset=\"https:\/\/roboter-bmv-essen.de\/wp-content\/uploads\/2024\/03\/rescue_line-1024x768.jpg 1024w, https:\/\/roboter-bmv-essen.de\/wp-content\/uploads\/2024\/03\/rescue_line-300x225.jpg 300w, https:\/\/roboter-bmv-essen.de\/wp-content\/uploads\/2024\/03\/rescue_line-768x576.jpg 768w, https:\/\/roboter-bmv-essen.de\/wp-content\/uploads\/2024\/03\/rescue_line-1536x1152.jpg 1536w, https:\/\/roboter-bmv-essen.de\/wp-content\/uploads\/2024\/03\/rescue_line.jpg 2048w\" sizes=\"auto, (max-width: 1024px) 100vw, 1024px\" \/><\/figure>\n<\/figure>\n\n\n\n<p> <\/p>\n\n\n\n<p>Das Team &#8222;Roboter diese&#8220; ging in der Kategorie OnStage an den Start. Sie haben auf der B\u00fchne eine Geschichte \u00fcber einen zeitreisenden Roboter namens Giesela erz\u00e4hlt, der in die Kreidezeit reist. Dort angekommen, erleidet die Zeitmaschine einen Defekt. Um wieder in die Gegenwart reisen zu k\u00f6nnen muss Giesela in verschiedenen Zeitaltern Ersatzteile sammeln und die Zeitmaschine reparieren. <\/p>\n\n\n\n<p> <\/p>\n\n\n\n<figure class=\"wp-block-gallery has-nested-images columns-default is-cropped wp-block-gallery-3 is-layout-flex wp-block-gallery-is-layout-flex\">\n<figure class=\"wp-block-image size-large\"><img decoding=\"async\" data-id=\"1183\" src=\"https:\/\/roboter-bmv-essen.de\/wp-content\/uploads\/2024\/03\/IMG_0476-1024x683.jpg\" alt=\"\" class=\"wp-image-1183\"\/><\/figure>\n<\/figure>\n\n\n\n<figure class=\"wp-block-gallery has-nested-images columns-default is-cropped wp-block-gallery-4 is-layout-flex wp-block-gallery-is-layout-flex\">\n<figure class=\"wp-block-image size-large\"><img loading=\"lazy\" decoding=\"async\" width=\"768\" height=\"1024\" data-id=\"1186\" src=\"https:\/\/roboter-bmv-essen.de\/wp-content\/uploads\/2024\/03\/IMG-20240224-WA0025-1-768x1024.jpg\" alt=\"\" class=\"wp-image-1186\" srcset=\"https:\/\/roboter-bmv-essen.de\/wp-content\/uploads\/2024\/03\/IMG-20240224-WA0025-1-768x1024.jpg 768w, https:\/\/roboter-bmv-essen.de\/wp-content\/uploads\/2024\/03\/IMG-20240224-WA0025-1-225x300.jpg 225w, https:\/\/roboter-bmv-essen.de\/wp-content\/uploads\/2024\/03\/IMG-20240224-WA0025-1-1152x1536.jpg 1152w, https:\/\/roboter-bmv-essen.de\/wp-content\/uploads\/2024\/03\/IMG-20240224-WA0025-1.jpg 1536w\" sizes=\"auto, (max-width: 768px) 100vw, 768px\" \/><\/figure>\n\n\n\n<figure class=\"wp-block-image size-large\"><img decoding=\"async\" data-id=\"1187\" src=\"https:\/\/roboter-bmv-essen.de\/wp-content\/uploads\/2024\/03\/IMG_0498-1-683x1024.jpg\" alt=\"\" class=\"wp-image-1187\"\/><\/figure>\n<\/figure>\n\n\n\n<p><\/p>\n\n\n\n<p>Das Team &#8222;Roboter diese&#8220; konnte trotz technischer Probleme einige Teams hinter sich lassen und belegte am Ende des Wettbewerbs den zweiten Platz. Damit hat sich das Team f\u00fcr die German Open qualifiziert, die im April in Kassel stattfinden wird.<\/p>\n\n\n\n<p><\/p>\n\n\n\n<figure class=\"wp-block-gallery has-nested-images columns-default is-cropped wp-block-gallery-5 is-layout-flex wp-block-gallery-is-layout-flex\">\n<figure class=\"wp-block-image size-large\"><img decoding=\"async\" data-id=\"1189\" src=\"https:\/\/roboter-bmv-essen.de\/wp-content\/uploads\/2024\/03\/Siegerehrung_onstage-1024x683.jpg\" alt=\"\" class=\"wp-image-1189\"\/><\/figure>\n<\/figure>\n","protected":false},"excerpt":{"rendered":"<p>Vorrunde in Hamburg Vom 23.02. bis zum 25.02. waren wir mit zwei Teams bei der Vorrunde des RoboCup in Hamburg. Das Team &#8222;Lachkick&#8220; trat in der Kategorie Rescue Line an und belegte mit seinem Lego-Roboter den zw\u00f6lften Platz. Der Roboter musste einer schwarzen Linie folgen und auf dem Weg \u00fcber Bumper, um Hindernisse, auf Rampen [&hellip;]<\/p>\n","protected":false},"author":2,"featured_media":0,"parent":0,"menu_order":0,"comment_status":"closed","ping_status":"closed","template":"","meta":{"footnotes":""},"class_list":["post-1177","page","type-page","status-publish","hentry"],"yoast_head":"<!-- This site is optimized with the Yoast SEO plugin v27.5 - https:\/\/yoast.com\/product\/yoast-seo-wordpress\/ -->\n<title>RoboCup 2024 - Roboter AG<\/title>\n<meta name=\"robots\" content=\"index, follow, max-snippet:-1, max-image-preview:large, max-video-preview:-1\" \/>\n<link rel=\"canonical\" href=\"https:\/\/roboter-bmv-essen.de\/?page_id=1177\" \/>\n<meta property=\"og:locale\" content=\"de_DE\" \/>\n<meta property=\"og:type\" content=\"article\" \/>\n<meta property=\"og:title\" content=\"RoboCup 2024 - Roboter AG\" \/>\n<meta property=\"og:description\" content=\"Vorrunde in Hamburg Vom 23.02. bis zum 25.02. waren wir mit zwei Teams bei der Vorrunde des RoboCup in Hamburg. Das Team &#8222;Lachkick&#8220; trat in der Kategorie Rescue Line an und belegte mit seinem Lego-Roboter den zw\u00f6lften Platz. Der Roboter musste einer schwarzen Linie folgen und auf dem Weg \u00fcber Bumper, um Hindernisse, auf Rampen [&hellip;]\" \/>\n<meta property=\"og:url\" content=\"https:\/\/roboter-bmv-essen.de\/?page_id=1177\" \/>\n<meta property=\"og:site_name\" content=\"Roboter AG\" \/>\n<meta property=\"article:modified_time\" content=\"2024-03-04T18:10:23+00:00\" \/>\n<meta property=\"og:image\" content=\"https:\/\/roboter-bmv-essen.de\/wp-content\/uploads\/2024\/03\/IMG_0409-1024x683.jpg\" \/>\n<meta name=\"twitter:card\" content=\"summary_large_image\" \/>\n<meta name=\"twitter:label1\" content=\"Gesch\u00e4tzte Lesezeit\" \/>\n\t<meta name=\"twitter:data1\" content=\"3\u00a0Minuten\" \/>\n<script type=\"application\/ld+json\" class=\"yoast-schema-graph\">{\"@context\":\"https:\\\/\\\/schema.org\",\"@graph\":[{\"@type\":\"WebPage\",\"@id\":\"https:\\\/\\\/roboter-bmv-essen.de\\\/?page_id=1177\",\"url\":\"https:\\\/\\\/roboter-bmv-essen.de\\\/?page_id=1177\",\"name\":\"RoboCup 2024 - Roboter AG\",\"isPartOf\":{\"@id\":\"https:\\\/\\\/roboter-bmv-essen.de\\\/#website\"},\"primaryImageOfPage\":{\"@id\":\"https:\\\/\\\/roboter-bmv-essen.de\\\/?page_id=1177#primaryimage\"},\"image\":{\"@id\":\"https:\\\/\\\/roboter-bmv-essen.de\\\/?page_id=1177#primaryimage\"},\"thumbnailUrl\":\"https:\\\/\\\/roboter-bmv-essen.de\\\/wp-content\\\/uploads\\\/2024\\\/03\\\/IMG_0409-1024x683.jpg\",\"datePublished\":\"2024-03-04T18:07:15+00:00\",\"dateModified\":\"2024-03-04T18:10:23+00:00\",\"breadcrumb\":{\"@id\":\"https:\\\/\\\/roboter-bmv-essen.de\\\/?page_id=1177#breadcrumb\"},\"inLanguage\":\"de\",\"potentialAction\":[{\"@type\":\"ReadAction\",\"target\":[\"https:\\\/\\\/roboter-bmv-essen.de\\\/?page_id=1177\"]}]},{\"@type\":\"ImageObject\",\"inLanguage\":\"de\",\"@id\":\"https:\\\/\\\/roboter-bmv-essen.de\\\/?page_id=1177#primaryimage\",\"url\":\"https:\\\/\\\/roboter-bmv-essen.de\\\/wp-content\\\/uploads\\\/2024\\\/03\\\/IMG_0409-scaled.jpg\",\"contentUrl\":\"https:\\\/\\\/roboter-bmv-essen.de\\\/wp-content\\\/uploads\\\/2024\\\/03\\\/IMG_0409-scaled.jpg\",\"width\":2560,\"height\":1706},{\"@type\":\"BreadcrumbList\",\"@id\":\"https:\\\/\\\/roboter-bmv-essen.de\\\/?page_id=1177#breadcrumb\",\"itemListElement\":[{\"@type\":\"ListItem\",\"position\":1,\"name\":\"Startseite\",\"item\":\"https:\\\/\\\/roboter-bmv-essen.de\\\/\"},{\"@type\":\"ListItem\",\"position\":2,\"name\":\"RoboCup 2024\"}]},{\"@type\":\"WebSite\",\"@id\":\"https:\\\/\\\/roboter-bmv-essen.de\\\/#website\",\"url\":\"https:\\\/\\\/roboter-bmv-essen.de\\\/\",\"name\":\"Die Roboter AG\",\"description\":\"Auf dem Weg nach Sydney\",\"publisher\":{\"@id\":\"https:\\\/\\\/roboter-bmv-essen.de\\\/#organization\"},\"potentialAction\":[{\"@type\":\"SearchAction\",\"target\":{\"@type\":\"EntryPoint\",\"urlTemplate\":\"https:\\\/\\\/roboter-bmv-essen.de\\\/?s={search_term_string}\"},\"query-input\":{\"@type\":\"PropertyValueSpecification\",\"valueRequired\":true,\"valueName\":\"search_term_string\"}}],\"inLanguage\":\"de\"},{\"@type\":\"Organization\",\"@id\":\"https:\\\/\\\/roboter-bmv-essen.de\\\/#organization\",\"name\":\"Roboter AG der BMV-Schule Essen\",\"url\":\"https:\\\/\\\/roboter-bmv-essen.de\\\/\",\"logo\":{\"@type\":\"ImageObject\",\"inLanguage\":\"de\",\"@id\":\"https:\\\/\\\/roboter-bmv-essen.de\\\/#\\\/schema\\\/logo\\\/image\\\/\",\"url\":\"https:\\\/\\\/roboter-bmv-essen.de\\\/wp-content\\\/uploads\\\/2019\\\/05\\\/cropped-robi-1-1.png\",\"contentUrl\":\"https:\\\/\\\/roboter-bmv-essen.de\\\/wp-content\\\/uploads\\\/2019\\\/05\\\/cropped-robi-1-1.png\",\"width\":267,\"height\":342,\"caption\":\"Roboter AG der BMV-Schule Essen\"},\"image\":{\"@id\":\"https:\\\/\\\/roboter-bmv-essen.de\\\/#\\\/schema\\\/logo\\\/image\\\/\"}}]}<\/script>\n<!-- \/ Yoast SEO plugin. -->","yoast_head_json":{"title":"RoboCup 2024 - Roboter AG","robots":{"index":"index","follow":"follow","max-snippet":"max-snippet:-1","max-image-preview":"max-image-preview:large","max-video-preview":"max-video-preview:-1"},"canonical":"https:\/\/roboter-bmv-essen.de\/?page_id=1177","og_locale":"de_DE","og_type":"article","og_title":"RoboCup 2024 - Roboter AG","og_description":"Vorrunde in Hamburg Vom 23.02. bis zum 25.02. waren wir mit zwei Teams bei der Vorrunde des RoboCup in Hamburg. Das Team &#8222;Lachkick&#8220; trat in der Kategorie Rescue Line an und belegte mit seinem Lego-Roboter den zw\u00f6lften Platz. Der Roboter musste einer schwarzen Linie folgen und auf dem Weg \u00fcber Bumper, um Hindernisse, auf Rampen [&hellip;]","og_url":"https:\/\/roboter-bmv-essen.de\/?page_id=1177","og_site_name":"Roboter AG","article_modified_time":"2024-03-04T18:10:23+00:00","og_image":[{"url":"https:\/\/roboter-bmv-essen.de\/wp-content\/uploads\/2024\/03\/IMG_0409-1024x683.jpg","type":"","width":"","height":""}],"twitter_card":"summary_large_image","twitter_misc":{"Gesch\u00e4tzte Lesezeit":"3\u00a0Minuten"},"schema":{"@context":"https:\/\/schema.org","@graph":[{"@type":"WebPage","@id":"https:\/\/roboter-bmv-essen.de\/?page_id=1177","url":"https:\/\/roboter-bmv-essen.de\/?page_id=1177","name":"RoboCup 2024 - Roboter AG","isPartOf":{"@id":"https:\/\/roboter-bmv-essen.de\/#website"},"primaryImageOfPage":{"@id":"https:\/\/roboter-bmv-essen.de\/?page_id=1177#primaryimage"},"image":{"@id":"https:\/\/roboter-bmv-essen.de\/?page_id=1177#primaryimage"},"thumbnailUrl":"https:\/\/roboter-bmv-essen.de\/wp-content\/uploads\/2024\/03\/IMG_0409-1024x683.jpg","datePublished":"2024-03-04T18:07:15+00:00","dateModified":"2024-03-04T18:10:23+00:00","breadcrumb":{"@id":"https:\/\/roboter-bmv-essen.de\/?page_id=1177#breadcrumb"},"inLanguage":"de","potentialAction":[{"@type":"ReadAction","target":["https:\/\/roboter-bmv-essen.de\/?page_id=1177"]}]},{"@type":"ImageObject","inLanguage":"de","@id":"https:\/\/roboter-bmv-essen.de\/?page_id=1177#primaryimage","url":"https:\/\/roboter-bmv-essen.de\/wp-content\/uploads\/2024\/03\/IMG_0409-scaled.jpg","contentUrl":"https:\/\/roboter-bmv-essen.de\/wp-content\/uploads\/2024\/03\/IMG_0409-scaled.jpg","width":2560,"height":1706},{"@type":"BreadcrumbList","@id":"https:\/\/roboter-bmv-essen.de\/?page_id=1177#breadcrumb","itemListElement":[{"@type":"ListItem","position":1,"name":"Startseite","item":"https:\/\/roboter-bmv-essen.de\/"},{"@type":"ListItem","position":2,"name":"RoboCup 2024"}]},{"@type":"WebSite","@id":"https:\/\/roboter-bmv-essen.de\/#website","url":"https:\/\/roboter-bmv-essen.de\/","name":"Die Roboter AG","description":"Auf dem Weg nach Sydney","publisher":{"@id":"https:\/\/roboter-bmv-essen.de\/#organization"},"potentialAction":[{"@type":"SearchAction","target":{"@type":"EntryPoint","urlTemplate":"https:\/\/roboter-bmv-essen.de\/?s={search_term_string}"},"query-input":{"@type":"PropertyValueSpecification","valueRequired":true,"valueName":"search_term_string"}}],"inLanguage":"de"},{"@type":"Organization","@id":"https:\/\/roboter-bmv-essen.de\/#organization","name":"Roboter AG der BMV-Schule Essen","url":"https:\/\/roboter-bmv-essen.de\/","logo":{"@type":"ImageObject","inLanguage":"de","@id":"https:\/\/roboter-bmv-essen.de\/#\/schema\/logo\/image\/","url":"https:\/\/roboter-bmv-essen.de\/wp-content\/uploads\/2019\/05\/cropped-robi-1-1.png","contentUrl":"https:\/\/roboter-bmv-essen.de\/wp-content\/uploads\/2019\/05\/cropped-robi-1-1.png","width":267,"height":342,"caption":"Roboter AG der BMV-Schule Essen"},"image":{"@id":"https:\/\/roboter-bmv-essen.de\/#\/schema\/logo\/image\/"}}]}},"_links":{"self":[{"href":"https:\/\/roboter-bmv-essen.de\/index.php?rest_route=\/wp\/v2\/pages\/1177","targetHints":{"allow":["GET"]}}],"collection":[{"href":"https:\/\/roboter-bmv-essen.de\/index.php?rest_route=\/wp\/v2\/pages"}],"about":[{"href":"https:\/\/roboter-bmv-essen.de\/index.php?rest_route=\/wp\/v2\/types\/page"}],"author":[{"embeddable":true,"href":"https:\/\/roboter-bmv-essen.de\/index.php?rest_route=\/wp\/v2\/users\/2"}],"replies":[{"embeddable":true,"href":"https:\/\/roboter-bmv-essen.de\/index.php?rest_route=%2Fwp%2Fv2%2Fcomments&post=1177"}],"version-history":[{"count":0,"href":"https:\/\/roboter-bmv-essen.de\/index.php?rest_route=\/wp\/v2\/pages\/1177\/revisions"}],"wp:attachment":[{"href":"https:\/\/roboter-bmv-essen.de\/index.php?rest_route=%2Fwp%2Fv2%2Fmedia&parent=1177"}],"curies":[{"name":"wp","href":"https:\/\/api.w.org\/{rel}","templated":true}]}}